{"id":1336,"date":"2021-09-30T09:06:31","date_gmt":"2021-09-30T09:06:31","guid":{"rendered":"https:\/\/sustyle.ch\/?page_id=1336"},"modified":"2026-03-31T00:37:39","modified_gmt":"2026-03-30T23:37:39","slug":"home-2","status":"publish","type":"page","link":"https:\/\/sustyle.ch\/de\/","title":{"rendered":"Home"},"content":{"rendered":"<div class=\"fusion-fullwidth fullwidth-box fusion-builder-row-1 nonhundred-percent-fullwidth non-hundred-percent-height-scrolling\" style=\"background-color: rgba(255,255,255,0);background-position: center center;background-repeat: no-repeat;padding-top:0px;padding-right:0px;padding-bottom:0px;padding-left:0px;margin-bottom: 0px;margin-top: 0px;border-width: 0px 0px 0px 0px;border-color:#eae9e9;border-style:solid;\" ><div class=\"fusion-builder-row fusion-row\"><div class=\"fusion-layout-column fusion_builder_column fusion-builder-column-0 fusion_builder_column_1_1 1_1 fusion-one-full fusion-column-first fusion-column-last\" style=\"margin-top:0px;margin-bottom:20px;\"><div class=\"fusion-column-wrapper fusion-flex-column-wrapper-legacy\" style=\"background-position:left top;background-repeat:no-repeat;-webkit-background-size:cover;-moz-background-size:cover;-o-background-size:cover;background-size:cover;padding: 0px 0px 0px 0px;\"><div class=\"fusion-text fusion-text-1\"><h1>Willkommen bei Su Style<\/h1>\n<\/div><div class=\"fusion-clearfix\"><\/div><\/div><\/div><div class=\"fusion-layout-column fusion_builder_column fusion-builder-column-1 fusion_builder_column_2_3 2_3 fusion-two-third fusion-column-first\" style=\"width:65.3333%; margin-right: 4%;margin-top:0px;margin-bottom:0px;\"><div class=\"fusion-column-wrapper fusion-flex-column-wrapper-legacy\" style=\"background-position:left top;background-repeat:no-repeat;-webkit-background-size:cover;-moz-background-size:cover;-o-background-size:cover;background-size:cover;padding: 0px 0px 0px 0px;\"><div class=\"fusion-text fusion-text-2\"><p>WILLKOMMEN BEI SU STYLE<\/p>\n<p>\u00abSu Style Make-Up Styling Studio\u00bb \u2013 seit 2014 am Paradeplatz im Herzen von Z\u00fcrich.<\/p>\n<p>Bei Su Style stehen professionelles Make-up-Styling und Semi-Permanent Make-up gleichermassen im Mittelpunkt.<\/p>\n<p>Make-up ist eine Kombination aus \u00c4sthetik, Pr\u00e4zision und Kreativit\u00e4t. Das richtige Make-up unterstreicht Ihre nat\u00fcrliche Sch\u00f6nheit und hebt Ihre individuellen Gesichtsz\u00fcge hervor \u2013 ob f\u00fcr Hochzeit, Event, Fotoshooting, Business oder den perfekten Auftritt im Alltag.<\/p>\n<p>WIR M\u00d6CHTEN, DASS IHRE EINZIGARTIGE SCH\u00d6NHEIT STRAHLT \u2013 DAMIT SIE SICH IN JEDER SITUATION SICHER UND WOHL F\u00dcHLEN.<\/p>\n<p>Mit mehr als 20 Jahren Erfahrung in TV, Medien und Beauty verbindet Su Style Pr\u00e4zision, Qualit\u00e4t und Kreativit\u00e4t, um den Look zu kreieren, der am besten zu Ihnen passt \u2013 durch die perfekte Balance von Form, Kontur, Farbe und Stil.<\/p>\n<p>Unsere Philosophie lautet: One size does not fit all. Jedes Make-up-Styling, jede Augenbrauenform und jede PMU-Behandlung wird individuell auf Ihr Gesicht, Ihre W\u00fcnsche und Ihren pers\u00f6nlichen Stil abgestimmt, damit Sie sich vom ersten Moment an wohl, verstanden und bestens betreut f\u00fchlen.<\/p>\n<div>\n<p>Semi-Permanent Make-up geh\u00f6rt zu unseren wichtigsten Spezialgebieten. Mit langj\u00e4hriger Erfahrung als professionelle Make-up-Artistin und einem ausgepr\u00e4gten Verst\u00e4ndnis f\u00fcr Gesichtsform, Proportionen und Harmonie werden Augenbrauen, Lidstrich und Lippenpigmentierung individuell und typgerecht gestaltet.<\/p>\n<p>Wir sind spezialisiert auf besonders nat\u00fcrlich wirkende Powder Brows, Lidstriche und Lippenpigmentierungen sowie auf die Korrektur misslungener oder verf\u00e4rbter Permanent-Make-up-Behandlungen.<\/p>\n<p>Dazu geh\u00f6ren insbesondere die Korrektur alter, rot, blau oder grau verf\u00e4rbter Augenbrauen, misslungener Microblading- oder PMU-Behandlungen, asymmetrischer Augenbrauen, verblasster Lidstriche und ungleichm\u00e4ssiger Lippenpigmentierungen. Bestehende Pigmente k\u00f6nnen oft teilweise aufgehellt oder korrigiert werden, um ein weicheres, harmonischeres und nat\u00fcrlicheres Ergebnis zu erzielen.<\/p>\n<p>Durch die gezielte Gestaltung von Augenbrauenform, Lidstrich und Lippenkontur k\u00f6nnen zudem die Gesichtsproportionen optisch harmonisiert werden, sodass das Gesicht frischer, ausgeglichener und jugendlicher wirkt.<\/p>\n<\/div>\n<\/div><div class=\"fusion-sep-clear\"><\/div><div class=\"fusion-separator fusion-full-width-sep\" style=\"margin-left: auto;margin-right: auto;margin-bottom:20px;width:100%;\"><\/div><div class=\"fusion-sep-clear\"><\/div><div class=\"fusion-button-wrapper\"><style type=\"text\/css\">.fusion-button.button-1 {border-radius:2px;}<\/style><a class=\"fusion-button button-flat fusion-button-default-size button-default button-1 fusion-button-default-span fusion-button-default-type\" target=\"_blank\" rel=\"noopener noreferrer\" href=\"https:\/\/sustyle.ch\/de\/buchen\/\"><i class=\"fa-calendar-alt far button-icon-left\" aria-hidden=\"true\"><\/i><span class=\"fusion-button-text\">Jetzt Buchen !<\/span><\/a><\/div><div class=\"fusion-clearfix\"><\/div><\/div><\/div><div class=\"fusion-layout-column fusion_builder_column fusion-builder-column-2 fusion_builder_column_1_3 1_3 fusion-one-third fusion-column-last\" style=\"width:30.6666%;margin-top:0px;margin-bottom:0px;\"><div class=\"fusion-column-wrapper fusion-flex-column-wrapper-legacy\" style=\"background-position:left top;background-repeat:no-repeat;-webkit-background-size:cover;-moz-background-size:cover;-o-background-size:cover;background-size:cover;padding: 0px 0px 0px 0px;\"><div class=\"fusion-text fusion-text-3\"><h2>Studio bei Paradeplatz in Z\u00fcrich<\/h2>\n<\/div><span class=\" fusion-imageframe imageframe-none imageframe-1 hover-type-none\"><img decoding=\"async\" width=\"1000\" height=\"1500\" title=\"dongbei-su\" src=\"https:\/\/sustyle.ch\/wp-content\/uploads\/2018\/10\/dongbei-su.jpg\" class=\"img-responsive wp-image-1301\" srcset=\"https:\/\/sustyle.ch\/wp-content\/uploads\/2018\/10\/dongbei-su-200x300.jpg 200w, https:\/\/sustyle.ch\/wp-content\/uploads\/2018\/10\/dongbei-su-400x600.jpg 400w, https:\/\/sustyle.ch\/wp-content\/uploads\/2018\/10\/dongbei-su-600x900.jpg 600w, https:\/\/sustyle.ch\/wp-content\/uploads\/2018\/10\/dongbei-su-800x1200.jpg 800w, https:\/\/sustyle.ch\/wp-content\/uploads\/2018\/10\/dongbei-su.jpg 1000w\" sizes=\"(max-width: 800px) 100vw, 400px\" \/><\/span><div class=\"fusion-clearfix\"><\/div><\/div><\/div><\/div><\/div>\n","protected":false},"excerpt":{"rendered":"","protected":false},"author":1,"featured_media":0,"parent":0,"menu_order":0,"comment_status":"closed","ping_status":"closed","template":"","meta":{"footnotes":""},"class_list":["post-1336","page","type-page","status-publish","hentry"],"_links":{"self":[{"href":"https:\/\/sustyle.ch\/de\/wp-json\/wp\/v2\/pages\/1336","targetHints":{"allow":["GET"]}}],"collection":[{"href":"https:\/\/sustyle.ch\/de\/wp-json\/wp\/v2\/pages"}],"about":[{"href":"https:\/\/sustyle.ch\/de\/wp-json\/wp\/v2\/types\/page"}],"author":[{"embeddable":true,"href":"https:\/\/sustyle.ch\/de\/wp-json\/wp\/v2\/users\/1"}],"replies":[{"embeddable":true,"href":"https:\/\/sustyle.ch\/de\/wp-json\/wp\/v2\/comments?post=1336"}],"version-history":[{"count":8,"href":"https:\/\/sustyle.ch\/de\/wp-json\/wp\/v2\/pages\/1336\/revisions"}],"predecessor-version":[{"id":1708,"href":"https:\/\/sustyle.ch\/de\/wp-json\/wp\/v2\/pages\/1336\/revisions\/1708"}],"wp:attachment":[{"href":"https:\/\/sustyle.ch\/de\/wp-json\/wp\/v2\/media?parent=1336"}],"curies":[{"name":"wp","href":"https:\/\/api.w.org\/{rel}","templated":true}]}}