{"id":151,"date":"2015-09-21T23:26:57","date_gmt":"2015-09-21T23:26:57","guid":{"rendered":"https:\/\/sustyle.ch\/?page_id=151&#038;lang=de"},"modified":"2022-06-14T10:23:37","modified_gmt":"2022-06-14T09:23:37","slug":"home","status":"publish","type":"page","link":"https:\/\/sustyle.ch\/de\/home\/","title":{"rendered":"Home"},"content":{"rendered":"<div class=\"fusion-fullwidth fullwidth-box fusion-builder-row-1 nonhundred-percent-fullwidth non-hundred-percent-height-scrolling\" style=\"background-color: rgba(255,255,255,0);background-position: center center;background-repeat: no-repeat;padding-top:0px;padding-right:0px;padding-bottom:0px;padding-left:0px;margin-bottom: 0px;margin-top: 0px;border-width: 0px 0px 0px 0px;border-color:#eae9e9;border-style:solid;\" ><div class=\"fusion-builder-row fusion-row\"><div class=\"fusion-layout-column fusion_builder_column fusion-builder-column-0 fusion_builder_column_1_1 1_1 fusion-one-full fusion-column-first fusion-column-last\" style=\"margin-top:0px;margin-bottom:20px;\"><div class=\"fusion-column-wrapper fusion-flex-column-wrapper-legacy\" style=\"background-position:left top;background-repeat:no-repeat;-webkit-background-size:cover;-moz-background-size:cover;-o-background-size:cover;background-size:cover;padding: 0px 0px 0px 0px;\"><div class=\"fusion-text fusion-text-1\"><h1>Willkommen bei Su Style<\/h1>\n<\/div><div class=\"fusion-clearfix\"><\/div><\/div><\/div><div class=\"fusion-layout-column fusion_builder_column fusion-builder-column-1 fusion_builder_column_2_3 2_3 fusion-two-third fusion-column-first\" style=\"width:65.3333%; margin-right: 4%;margin-top:0px;margin-bottom:0px;\"><div class=\"fusion-column-wrapper fusion-flex-column-wrapper-legacy\" style=\"background-position:left top;background-repeat:no-repeat;-webkit-background-size:cover;-moz-background-size:cover;-o-background-size:cover;background-size:cover;padding: 0px 0px 0px 0px;\"><div class=\"fusion-text fusion-text-2\"><p>\u00abSu Style Make-Up Styling Studio\u00bb Mit Sitz am Paradeplatz, im Zentrum von Z\u00fcrich seit 2014.<\/p>\n<p>Make-up ist eine Kombination aus \u00c4sthetik und geschickter Technik. Das richtige Make-up kann Ihre nat\u00fcrliche Sch\u00f6nheit unterstreichen.<\/p>\n<p>WIR M\u00d6CHTEN, DASS IHRE INDIVIDUELLE SCH\u00d6NHEIT STRAHLT UND LEUCHTET&#8230;DAMIT SIE SICH IN JEDER SITUATION SICHER F\u00dcHLEN!<\/p>\n<p>Die Make-up-Mode ist in st\u00e4ndigem Wandel &#8211; Su Style verf\u00fcgt \u00fcber mehr als 20 Jahre TV-Erfahrung und den hohen Standard an Pr\u00e4zision, Qualit\u00e4t und Kreativit\u00e4t, um Ihnen das Make-up zu bieten, das am besten zu Ihnen passt, mit einer Kombination aus Konturen, Form, Farbe und Stil.<\/p>\n<p>Unsere Philosophie lautet: &#8222;one size does not fit all&#8220;, und unser Ziel ist es, Ihnen ein umfassendes Angebot an Make-up- und Styling-Dienstleistungen zu bieten, die ganz auf Ihre Bed\u00fcrfnisse zugeschnitten sind.<\/p>\n<p>Um Ihnen die bestm\u00f6gliche Erfahrung zu bieten, ber\u00fccksichtigen wir eine Reihe von Faktoren bei unserer Bewertung und bieten sie Ihnen an. Mit den vielf\u00e4ltigen Erfahrungen unserer internationalen Kunden sorgen wir daf\u00fcr, dass Sie sich bei Ihrem Besuch wohl und entspannt f\u00fchlen.<\/p>\n<p>Wir setzen auf erfahrene \u00c4sthetik und die Anwendung der entsprechenden Technologie, auch Semi-Permanent-Make-up ist unsere St\u00e4rke. Mit unserer langj\u00e4hrigen Erfahrung als professionelle Make-up-K\u00fcnstlerin und unserem tiefen Verst\u00e4ndnis f\u00fcr Gesicht und Knochenstruktur k\u00f6nnen wir Ihnen von Fall zu Fall eine individuelle Augenbrauenform anbieten, die auf den individuellen Gesichtsz\u00fcgen basiert.<\/p>\n<p>Zus\u00e4tzlich zum semipermanenten Make-up (Mikropigmentierung) bieten wir derzeit auch die professionelle Korrektur oder Entfernung von Permanent Make-up bei altmodischen Augenbrauen, blauen\/roten oder grauen Augenbrauen, unbefriedigenden Microblading-Brauen, asymmetrischen Augenbrauen, verblassten Eyelinern, unerw\u00fcnschtem Lippenstift\/Pigment oder anderen unerw\u00fcnschten Behandlungen usw. an.<\/p>\n<\/div><div class=\"fusion-sep-clear\"><\/div><div class=\"fusion-separator fusion-full-width-sep\" style=\"margin-left: auto;margin-right: auto;margin-bottom:20px;width:100%;\"><\/div><div class=\"fusion-sep-clear\"><\/div><div class=\"fusion-button-wrapper\"><style type=\"text\/css\">.fusion-button.button-1 {border-radius:2px;}<\/style><a class=\"fusion-button button-flat fusion-button-default-size button-default button-1 fusion-button-default-span fusion-button-default-type\" target=\"_blank\" rel=\"noopener noreferrer\" href=\"https:\/\/buchung.treatwell.ch\/place\/312895\/menu\/\"><i class=\"fa-calendar-alt far button-icon-left\" aria-hidden=\"true\"><\/i><span class=\"fusion-button-text\">Jetzt Buchen !<\/span><\/a><\/div><div class=\"fusion-clearfix\"><\/div><\/div><\/div><div class=\"fusion-layout-column fusion_builder_column fusion-builder-column-2 fusion_builder_column_1_3 1_3 fusion-one-third fusion-column-last\" style=\"width:30.6666%;margin-top:0px;margin-bottom:0px;\"><div class=\"fusion-column-wrapper fusion-flex-column-wrapper-legacy\" style=\"background-position:left top;background-repeat:no-repeat;-webkit-background-size:cover;-moz-background-size:cover;-o-background-size:cover;background-size:cover;padding: 0px 0px 0px 0px;\"><div class=\"fusion-text fusion-text-3\"><h2>Studio bei Paradeplatz in Z\u00fcrich<\/h2>\n<\/div><span class=\" fusion-imageframe imageframe-none imageframe-1 hover-type-none\"><img decoding=\"async\" width=\"1000\" height=\"1500\" title=\"dongbei-su\" src=\"https:\/\/sustyle.ch\/wp-content\/uploads\/2018\/10\/dongbei-su.jpg\" class=\"img-responsive wp-image-1301\" srcset=\"https:\/\/sustyle.ch\/wp-content\/uploads\/2018\/10\/dongbei-su-200x300.jpg 200w, https:\/\/sustyle.ch\/wp-content\/uploads\/2018\/10\/dongbei-su-400x600.jpg 400w, https:\/\/sustyle.ch\/wp-content\/uploads\/2018\/10\/dongbei-su-600x900.jpg 600w, https:\/\/sustyle.ch\/wp-content\/uploads\/2018\/10\/dongbei-su-800x1200.jpg 800w, https:\/\/sustyle.ch\/wp-content\/uploads\/2018\/10\/dongbei-su.jpg 1000w\" sizes=\"(max-width: 800px) 100vw, 400px\" \/><\/span><div class=\"fusion-clearfix\"><\/div><\/div><\/div><\/div><\/div>\n","protected":false},"excerpt":{"rendered":"","protected":false},"author":1,"featured_media":0,"parent":0,"menu_order":0,"comment_status":"closed","ping_status":"closed","template":"","meta":{"footnotes":""},"class_list":["post-151","page","type-page","status-publish","hentry"],"_links":{"self":[{"href":"https:\/\/sustyle.ch\/de\/wp-json\/wp\/v2\/pages\/151","targetHints":{"allow":["GET"]}}],"collection":[{"href":"https:\/\/sustyle.ch\/de\/wp-json\/wp\/v2\/pages"}],"about":[{"href":"https:\/\/sustyle.ch\/de\/wp-json\/wp\/v2\/types\/page"}],"author":[{"embeddable":true,"href":"https:\/\/sustyle.ch\/de\/wp-json\/wp\/v2\/users\/1"}],"replies":[{"embeddable":true,"href":"https:\/\/sustyle.ch\/de\/wp-json\/wp\/v2\/comments?post=151"}],"version-history":[{"count":24,"href":"https:\/\/sustyle.ch\/de\/wp-json\/wp\/v2\/pages\/151\/revisions"}],"predecessor-version":[{"id":1401,"href":"https:\/\/sustyle.ch\/de\/wp-json\/wp\/v2\/pages\/151\/revisions\/1401"}],"wp:attachment":[{"href":"https:\/\/sustyle.ch\/de\/wp-json\/wp\/v2\/media?parent=151"}],"curies":[{"name":"wp","href":"https:\/\/api.w.org\/{rel}","templated":true}]}}