{"id":199,"date":"2015-10-06T13:28:19","date_gmt":"2015-10-06T13:28:19","guid":{"rendered":"https:\/\/sustyle.ch\/?page_id=199&#038;lang=de"},"modified":"2018-08-24T14:02:33","modified_gmt":"2018-08-24T14:02:33","slug":"naegel","status":"publish","type":"page","link":"https:\/\/sustyle.ch\/de\/naegel\/","title":{"rendered":"N\u00e4gel"},"content":{"rendered":"<div class=\"fusion-fullwidth fullwidth-box fusion-builder-row-1 hundred-percent-fullwidth non-hundred-percent-height-scrolling\" style=\"background-color: rgba(255,255,255,0);background-position: center center;background-repeat: no-repeat;padding-top:0px;padding-right:0px;padding-bottom:0px;padding-left:0px;margin-bottom: 0px;margin-top: 0px;border-width: 0px 0px 0px 0px;border-color:#eae9e9;border-style:solid;\" ><div class=\"fusion-builder-row fusion-row\"><div class=\"fusion-layout-column fusion_builder_column fusion-builder-column-0 fusion_builder_column_2_3 2_3 fusion-two-third fusion-column-first\" style=\"width:66.666666666667%;width:calc(66.666666666667% - ( ( 4% ) * 0.66666666666667 ) );margin-right: 4%;margin-top:0px;margin-bottom:20px;\"><div class=\"fusion-column-wrapper fusion-flex-column-wrapper-legacy\" style=\"background-position:left top;background-repeat:no-repeat;-webkit-background-size:cover;-moz-background-size:cover;-o-background-size:cover;background-size:cover;padding: 0px 0px 0px 0px;\">\n<h2>Behandlungsablauf<\/h2>\n<ul class=\"fa-ul\">\n<li><i class=\"fa-li fa fa-check\" style=\"color: #a7599b;\"><\/i> Ablackieren<\/li>\n<li><i class=\"fa-li fa fa-check\" style=\"color: #a7599b;\"><\/i>\u00a0Nagelfromen<\/li>\n<li><i class=\"fa-li fa fa-check\" style=\"color: #a7599b;\"><\/i>\u00a0Nagelhaut schneiden<\/li>\n<li><i class=\"fa-li fa fa-check\" style=\"color: #a7599b;\"><\/i>\u00a0polieren<\/li>\n<li><i class=\"fa-li fa fa-check\" style=\"color: #a7599b;\"><\/i>\u00a0Lackieren\/French\/ohne Farbe<\/li>\n<li><i class=\"fa-li fa fa-check\" style=\"color: #a7599b;\"><\/i> Nagelhaut \u00d6l\n<li><i class=\"fa-li fa fa-check\" style=\"color: #a7599b;\"><\/i> Zum schluss massge mit Cream\n<\/ul>\n<h2><span style=\"font-size: 16px; line-height: 1.5;\">Um gesunde sch\u00f6ne N\u00e4gel wiederherzustellen oder zu erhalten, k\u00f6nnen wir Sie beim Nagelschneiden unterst\u00fctzen und zeigen Ihnen die fachgerechte Pflege f\u00fcr zu Hause.<\/span><\/h2>\n<p>&nbsp;<br \/>\n<a href=\"https:\/\/buchung.treatwell.ch\/place\/312895\/menu\/\" target=\"blank\"><img decoding=\"async\" src=\"https:\/\/sustyle.ch\/wp-content\/uploads\/2016\/07\/button.png\" \/><\/a><div class=\"fusion-alignleft\"><style type=\"text\/css\">.fusion-button.button-1 {border-radius:2px;}<\/style><a class=\"fusion-button button-flat fusion-button-default-size button-default button-1 fusion-button-default-span fusion-button-default-type\" target=\"_self\" href=\"https:\/\/sustyle.ch\/de\/preisliste\/\"><span class=\"fusion-button-text\"><i class=\"fa fa-arrow-circle-right\"><\/i> Preisliste<\/span><\/a><\/div>\n<div class=\"fusion-clearfix\"><\/div><\/div><\/div>\n<div class=\"fusion-layout-column fusion_builder_column fusion-builder-column-1 fusion_builder_column_1_3 1_3 fusion-one-third fusion-column-last\" style=\"width:33.333333333333%;width:calc(33.333333333333% - ( ( 4% ) * 0.33333333333333 ) );margin-top:0px;margin-bottom:20px;\"><div class=\"fusion-column-wrapper fusion-flex-column-wrapper-legacy\" style=\"background-position:left top;background-repeat:no-repeat;-webkit-background-size:cover;-moz-background-size:cover;-o-background-size:cover;background-size:cover;padding: 0px 0px 0px 0px;\">\n<h2>Bildergalerie<\/h2>\n\n\t\t<style type=\"text\/css\">\n\t\t\t#gallery-1 {\n\t\t\t\tmargin: auto;\n\t\t\t}\n\t\t\t#gallery-1 .gallery-item {\n\t\t\t\tfloat: left;\n\t\t\t\tmargin-top: 10px;\n\t\t\t\ttext-align: center;\n\t\t\t\twidth: 33%;\n\t\t\t}\n\t\t\t#gallery-1 img {\n\t\t\t\tborder: 2px solid #cfcfcf;\n\t\t\t}\n\t\t\t#gallery-1 .gallery-caption {\n\t\t\t\tmargin-left: 0;\n\t\t\t}\n\t\t\t\/* see gallery_shortcode() in wp-includes\/media.php *\/\n\t\t<\/style>\n\t\t<div id='gallery-1' class='gallery galleryid-199 gallery-columns-3 gallery-size-thumbnail'><dl class='gallery-item'>\n\t\t\t<dt class='gallery-icon landscape'>\n\t\t\t\t<a data-rel=\"iLightbox[postimages]\" data-title=\"gallery-nails-1\" data-caption=\"\" href='https:\/\/sustyle.ch\/wp-content\/uploads\/2015\/09\/gallery-nails-1.jpg'><img decoding=\"async\" width=\"150\" height=\"150\" src=\"https:\/\/sustyle.ch\/wp-content\/uploads\/2015\/09\/gallery-nails-1-150x150.jpg\" class=\"attachment-thumbnail size-thumbnail\" alt=\"\" srcset=\"https:\/\/sustyle.ch\/wp-content\/uploads\/2015\/09\/gallery-nails-1-66x66.jpg 66w, https:\/\/sustyle.ch\/wp-content\/uploads\/2015\/09\/gallery-nails-1-150x150.jpg 150w\" sizes=\"(max-width: 150px) 100vw, 150px\" \/><\/a>\n\t\t\t<\/dt><\/dl><dl class='gallery-item'>\n\t\t\t<dt class='gallery-icon landscape'>\n\t\t\t\t<a data-rel=\"iLightbox[postimages]\" data-title=\"gallery-nails-2\" data-caption=\"\" href='https:\/\/sustyle.ch\/wp-content\/uploads\/2015\/09\/gallery-nails-2.jpg'><img decoding=\"async\" width=\"150\" height=\"150\" src=\"https:\/\/sustyle.ch\/wp-content\/uploads\/2015\/09\/gallery-nails-2-150x150.jpg\" class=\"attachment-thumbnail size-thumbnail\" alt=\"\" srcset=\"https:\/\/sustyle.ch\/wp-content\/uploads\/2015\/09\/gallery-nails-2-66x66.jpg 66w, https:\/\/sustyle.ch\/wp-content\/uploads\/2015\/09\/gallery-nails-2-150x150.jpg 150w\" sizes=\"(max-width: 150px) 100vw, 150px\" \/><\/a>\n\t\t\t<\/dt><\/dl><dl class='gallery-item'>\n\t\t\t<dt class='gallery-icon landscape'>\n\t\t\t\t<a data-rel=\"iLightbox[postimages]\" data-title=\"gallery-nails-3\" data-caption=\"\" href='https:\/\/sustyle.ch\/wp-content\/uploads\/2015\/09\/gallery-nails-3.jpg'><img decoding=\"async\" width=\"150\" height=\"150\" src=\"https:\/\/sustyle.ch\/wp-content\/uploads\/2015\/09\/gallery-nails-3-150x150.jpg\" class=\"attachment-thumbnail size-thumbnail\" alt=\"\" srcset=\"https:\/\/sustyle.ch\/wp-content\/uploads\/2015\/09\/gallery-nails-3-66x66.jpg 66w, https:\/\/sustyle.ch\/wp-content\/uploads\/2015\/09\/gallery-nails-3-150x150.jpg 150w\" sizes=\"(max-width: 150px) 100vw, 150px\" \/><\/a>\n\t\t\t<\/dt><\/dl><br style=\"clear: both\" \/><dl class='gallery-item'>\n\t\t\t<dt class='gallery-icon landscape'>\n\t\t\t\t<a data-rel=\"iLightbox[postimages]\" data-title=\"gallery-nails-4\" data-caption=\"\" href='https:\/\/sustyle.ch\/wp-content\/uploads\/2015\/09\/gallery-nails-4.jpg'><img decoding=\"async\" width=\"150\" height=\"150\" src=\"https:\/\/sustyle.ch\/wp-content\/uploads\/2015\/09\/gallery-nails-4-150x150.jpg\" class=\"attachment-thumbnail size-thumbnail\" alt=\"\" srcset=\"https:\/\/sustyle.ch\/wp-content\/uploads\/2015\/09\/gallery-nails-4-66x66.jpg 66w, https:\/\/sustyle.ch\/wp-content\/uploads\/2015\/09\/gallery-nails-4-150x150.jpg 150w\" sizes=\"(max-width: 150px) 100vw, 150px\" \/><\/a>\n\t\t\t<\/dt><\/dl><dl class='gallery-item'>\n\t\t\t<dt class='gallery-icon landscape'>\n\t\t\t\t<a data-rel=\"iLightbox[postimages]\" data-title=\"gallery-nails-5\" data-caption=\"\" href='https:\/\/sustyle.ch\/wp-content\/uploads\/2015\/09\/gallery-nails-5.jpg'><img decoding=\"async\" width=\"150\" height=\"150\" src=\"https:\/\/sustyle.ch\/wp-content\/uploads\/2015\/09\/gallery-nails-5-150x150.jpg\" class=\"attachment-thumbnail size-thumbnail\" alt=\"\" srcset=\"https:\/\/sustyle.ch\/wp-content\/uploads\/2015\/09\/gallery-nails-5-66x66.jpg 66w, https:\/\/sustyle.ch\/wp-content\/uploads\/2015\/09\/gallery-nails-5-150x150.jpg 150w\" sizes=\"(max-width: 150px) 100vw, 150px\" \/><\/a>\n\t\t\t<\/dt><\/dl><dl class='gallery-item'>\n\t\t\t<dt class='gallery-icon landscape'>\n\t\t\t\t<a data-rel=\"iLightbox[postimages]\" data-title=\"gallery-nails-6\" data-caption=\"\" href='https:\/\/sustyle.ch\/wp-content\/uploads\/2015\/09\/gallery-nails-6.jpg'><img decoding=\"async\" width=\"150\" height=\"150\" src=\"https:\/\/sustyle.ch\/wp-content\/uploads\/2015\/09\/gallery-nails-6-150x150.jpg\" class=\"attachment-thumbnail size-thumbnail\" alt=\"\" srcset=\"https:\/\/sustyle.ch\/wp-content\/uploads\/2015\/09\/gallery-nails-6-66x66.jpg 66w, https:\/\/sustyle.ch\/wp-content\/uploads\/2015\/09\/gallery-nails-6-150x150.jpg 150w\" sizes=\"(max-width: 150px) 100vw, 150px\" \/><\/a>\n\t\t\t<\/dt><\/dl><br style=\"clear: both\" \/>\n\t\t<\/div>\n\n<div class=\"fusion-clearfix\"><\/div><\/div><\/div><\/div><style type=\"text\/css\">.fusion-fullwidth.fusion-builder-row-1 { overflow:visible; }<\/style><\/div>\n","protected":false},"excerpt":{"rendered":"","protected":false},"author":1,"featured_media":0,"parent":0,"menu_order":0,"comment_status":"closed","ping_status":"closed","template":"","meta":{"footnotes":""},"class_list":["post-199","page","type-page","status-publish","hentry"],"_links":{"self":[{"href":"https:\/\/sustyle.ch\/de\/wp-json\/wp\/v2\/pages\/199","targetHints":{"allow":["GET"]}}],"collection":[{"href":"https:\/\/sustyle.ch\/de\/wp-json\/wp\/v2\/pages"}],"about":[{"href":"https:\/\/sustyle.ch\/de\/wp-json\/wp\/v2\/types\/page"}],"author":[{"embeddable":true,"href":"https:\/\/sustyle.ch\/de\/wp-json\/wp\/v2\/users\/1"}],"replies":[{"embeddable":true,"href":"https:\/\/sustyle.ch\/de\/wp-json\/wp\/v2\/comments?post=199"}],"version-history":[{"count":13,"href":"https:\/\/sustyle.ch\/de\/wp-json\/wp\/v2\/pages\/199\/revisions"}],"predecessor-version":[{"id":1022,"href":"https:\/\/sustyle.ch\/de\/wp-json\/wp\/v2\/pages\/199\/revisions\/1022"}],"wp:attachment":[{"href":"https:\/\/sustyle.ch\/de\/wp-json\/wp\/v2\/media?parent=199"}],"curies":[{"name":"wp","href":"https:\/\/api.w.org\/{rel}","templated":true}]}}