{"id":202,"date":"2015-10-06T13:29:21","date_gmt":"2015-10-06T12:29:21","guid":{"rendered":"https:\/\/sustyle.ch\/?page_id=202&#038;lang=de"},"modified":"2026-03-23T11:11:34","modified_gmt":"2026-03-23T10:11:34","slug":"preisliste","status":"publish","type":"page","link":"https:\/\/sustyle.ch\/de\/preisliste\/","title":{"rendered":"Angebot &#038; Preis"},"content":{"rendered":"<div class=\"fusion-fullwidth fullwidth-box fusion-builder-row-1 nonhundred-percent-fullwidth non-hundred-percent-height-scrolling\" style=\"background-color: rgba(255,255,255,0);background-position: center center;background-repeat: no-repeat;padding-top:0px;padding-right:0px;padding-bottom:0px;padding-left:0px;margin-bottom: 0px;margin-top: 0px;border-width: 0px 0px 0px 0px;border-color:#eae9e9;border-style:solid;\" ><div class=\"fusion-builder-row fusion-row\"><div class=\"fusion-layout-column fusion_builder_column fusion-builder-column-0 fusion_builder_column_1_1 1_1 fusion-one-full fusion-column-first fusion-column-last\" style=\"margin-top:0px;margin-bottom:20px;\"><div class=\"fusion-column-wrapper fusion-flex-column-wrapper-legacy\" style=\"background-position:left top;background-repeat:no-repeat;-webkit-background-size:cover;-moz-background-size:cover;-o-background-size:cover;background-size:cover;padding: 0px 0px 0px 0px;\"><style type=\"text\/css\"><\/style><div class=\"fusion-title title fusion-title-1 fusion-sep-none fusion-title-text fusion-title-size-one\" style=\"margin-top:0px;margin-right:0px;margin-bottom:31px;margin-left:0px;\"><h1 class=\"title-heading-left\" style=\"margin:0;\">Service &amp; Preise<\/h1><\/div><style type=\"text\/css\">.fusion-accordian  #accordion-202-1 .panel-title a .fa-fusion-box{ color: #ffffff;}.fusion-accordian  #accordion-202-1 .panel-title a .fa-fusion-box:before{ font-size: 13px; width: 13px;}.fusion-accordian  #accordion-202-1 .panel-title a{font-size:15px;}.fusion-accordian  #accordion-202-1 .fa-fusion-box { background-color: #333333;border-color: #333333;}.fusion-accordian  #accordion-202-1 .panel-title a:hover, #accordion-202-1 .fusion-toggle-boxed-mode:hover .panel-title a { color: #474747;}.fusion-accordian  #accordion-202-1 .panel-title .active .fa-fusion-box,.fusion-accordian  #accordion-202-1 .panel-title a:hover .fa-fusion-box { background-color: #474747!important;border-color: #474747!important;}<\/style><div class=\"accordian fusion-accordian\"><div class=\"panel-group\" id=\"accordion-202-1\"><div class=\"fusion-panel panel-default\"><div class=\"panel-heading\"><h4 class=\"panel-title toggle\"><a aria-expanded=\"false\" aria-controls=\"a234c06dfd8acbca5\" role=\"button\" data-toggle=\"collapse\" data-parent=\"#accordion-202-1\" data-target=\"#a234c06dfd8acbca5\" href=\"#a234c06dfd8acbca5\"><span class=\"fusion-toggle-icon-wrapper\" aria-hidden=\"true\"><i class=\"fa-fusion-box\" aria-hidden=\"true\"><\/i><\/span><span class=\"fusion-toggle-heading\">Semi-Permanent-makeup &amp; Microblading<\/span><\/a><\/h4><\/div><div id=\"a234c06dfd8acbca5\" class=\"panel-collapse collapse \"><div class=\"panel-body toggle-content fusion-clearfix\">\n<table style=\"width: 99.8077%;\">\n<tbody>\n<tr style=\"height: 24px;\">\n<td style=\"width: 60%; height: 24px;\"><em>Beschreibung<\/em><\/td>\n<td style=\"width: 11.5946%; height: 24px;\"><em>Zeit<\/em><\/td>\n<td style=\"width: 18.4054%; height: 24px;\" align=\"right\"><em>CHF<\/em><\/td>\n<\/tr>\n<tr style=\"height: 24px;\">\n<td style=\"width: 60%; height: 24px;\">Augenbrauen-Styling durch Maskenbildnerin(inkl.Beratung )(f\u00fcr sie &amp; hin)<\/td>\n<td style=\"width: 11.5946%; height: 24px;\">ca.30 min<\/td>\n<td style=\"width: 18.4054%; height: 24px;\" align=\"right\">50.00<\/td>\n<\/tr>\n<tr style=\"height: 18px;\">\n<td style=\"width: 60%; height: 18px;\">Pudertechnik \/ Microblading -refresh\/korrektur<\/td>\n<td style=\"width: 11.5946%; height: 18px;\">ca.120 min<\/td>\n<td style=\"width: 18.4054%; height: 18px;\" align=\"right\">190.00<\/td>\n<\/tr>\n<tr style=\"height: 18px;\">\n<td style=\"width: 60%; height: 18px;\">Lidstrich-refresh\/korrektur <\/td>\n<td style=\"width: 11.5946%; height: 18px;\">ca.90 min<\/td>\n<td style=\"width: 18.4054%; height: 18px;\" align=\"right\">190.00<\/td>\n<\/tr>\n<tr style=\"height: 18px;\">\n<td style=\"width: 60%; height: 18px;\">Lippen-refresh\/korrektur <\/td>\n<td style=\"width: 11.5946%; height: 18px;\">ca.120 min<\/td>\n<td style=\"width: 18.4054%; height: 18px;\" align=\"right\">290.00<\/td>\n<\/tr>\n<tr style=\"height: 18.7188px;\">\n<td style=\"width: 60%; height: 18.7188px;\">Aufhellung,korrektur,Entfernung von PMU,Microblqding<\/td>\n<td style=\"width: 11.5946%; height: 18.7188px;\">ca.90 min<\/td>\n<td style=\"width: 18.4054%; height: 18.7188px;\" align=\"right\">190.00<\/td>\n<\/tr>\n<tr style=\"height: 24px;\">\n<td style=\"width: 60%; height: 24px;\">Pudertechnik \/ Microblading (inkl.Nachbehandlung) (f\u00fcr sie &amp; hin)<\/td>\n<td style=\"width: 11.5946%; height: 24px;\">ca.150 min<\/td>\n<td style=\"width: 18.4054%; height: 24px;\" align=\"right\">390.00<\/td>\n<\/tr>\n<tr style=\"height: 24px;\">\n<td style=\"width: 60%; height: 24px;\">Pudertechnik kombiniert mit Mircoblading (inkl.Nachbehandlung)<\/td>\n<td style=\"width: 11.5946%; height: 24px;\">ca.150 min<\/td>\n<td style=\"width: 18.4054%; height: 24px;\" align=\"right\">490.00<\/td>\n<\/tr>\n<tr style=\"height: 24px;\">\n<td style=\"width: 60%; height: 24px;\">Wimpernkranz\/Lidstrich Oberlid<\/td>\n<td style=\"width: 11.5946%; height: 24px;\">ca.105 min<\/td>\n<td style=\"width: 18.4054%; height: 24px;\" align=\"right\">390.00<\/td>\n<\/tr>\n<tr style=\"height: 25px;\">\n<td style=\"width: 60%; height: 25px;\">Wimpernkranz\/Lidstrich Oberlid &amp; Unterlid<\/td>\n<td style=\"width: 11.5946%; height: 25px;\">ca.150 min<\/td>\n<td style=\"width: 18.4054%; height: 25px;\" align=\"right\">590.00<\/td>\n<\/tr>\n<tr style=\"height: 24px;\">\n<td style=\"width: 60%; height: 24px;\">Lippenkontur mit Schattierung (inkl.Nachbehandlung)<\/td>\n<td style=\"width: 11.5946%; height: 24px;\">ca.120 min<\/td>\n<td style=\"width: 18.4054%; height: 24px;\" align=\"right\">390.00<\/td>\n<\/tr>\n<tr style=\"height: 24px;\">\n<td style=\"width: 60%; height: 24px;\">Lippen-Pudertechnik\/Nat\u00fcrliche Schattierung (inkl.Nachbehandlung)<\/td>\n<td style=\"width: 11.5946%; height: 24px;\">ca.150 min<\/td>\n<td style=\"width: 18.4054%; height: 24px;\" align=\"right\">490.00<\/td>\n<\/tr>\n<tr style=\"height: 24px;\">\n<td style=\"width: 60%; height: 24px;\">Ganze Lippen(Kontur mit Schattierung&amp;Puder)(inkl.Nachbehandlung)<\/td>\n<td style=\"width: 11.5946%; height: 24px;\">ca.180 min<\/td>\n<td style=\"width: 18.4054%; height: 24px;\" align=\"right\">590.00<\/td>\n<\/tr>\n<\/tbody>\n<\/table>\n<\/div><\/div><\/div><div class=\"fusion-panel panel-default\"><div class=\"panel-heading\"><h4 class=\"panel-title toggle\"><a aria-expanded=\"false\" aria-controls=\"717f4fac2bde29e67\" role=\"button\" data-toggle=\"collapse\" data-parent=\"#accordion-202-1\" data-target=\"#717f4fac2bde29e67\" href=\"#717f4fac2bde29e67\"><span class=\"fusion-toggle-icon-wrapper\" aria-hidden=\"true\"><i class=\"fa-fusion-box\" aria-hidden=\"true\"><\/i><\/span><span class=\"fusion-toggle-heading\">Makeup<\/span><\/a><\/h4><\/div><div id=\"717f4fac2bde29e67\" class=\"panel-collapse collapse \"><div class=\"panel-body toggle-content fusion-clearfix\">\n<table style=\"width: 100%;\">\n<tbody>\n<tr>\n<td style=\"width: 40%;\" valign=\"top\"><em>Beschreibung<\/em><\/td>\n<td style=\"width: 20%;\"><em>Zeit<\/em><\/td>\n<td style=\"width: 20%;\" align=\"right\" valign=\"top\"><em>CHF<\/em><\/td>\n<\/tr>\n<tr style=\"height: 24px;\">\n<td style=\"width: 60%; height: 24px;\">Augenbrauen  zupfen &amp; malen\/H\u00e4rchenzeichnung)(auchf\u00fcr M\u00e4nner)<\/td>\n<td style=\"width: 11.5946%; height: 24px;\">ca.20 min<\/td>\n<td style=\"width: 18.4054%; height: 24px;\" align=\"right\"><em> <strong>35.00<\/strong><\/em><\/td>\n<\/tr>\n<tr>\n<td style=\"width: 40%;\" valign=\"top\">Herren Makeup<\/td>\n<td style=\"width: 20%;\">ca. 25 min<\/td>\n<td style=\"width: 20%;\" align=\"right\" valign=\"top\">50.00<\/td>\n<\/tr>\n<tr>\n<td style=\"width: 40%;\" valign=\"top\">Tages Makeup<\/td>\n<td style=\"width: 20%;\">ca. 30 min<\/td>\n<td style=\"width: 20%;\" align=\"right\" valign=\"top\">70.00<\/td>\n<\/tr>\n<tr>\n<td style=\"width: 40%;\" valign=\"top\">Event\/Party\/ Abend Makeup inkl. Lashes<\/td>\n<td style=\"width: 20%;\">ca. 45 min<\/td>\n<td style=\"width: 20%;\" align=\"right\" valign=\"top\">90.00<\/td>\n<\/tr>\n<tr>\n<td style=\"width: 40%;\" valign=\"top\">Foto-Makeup, inkl. Lashes<\/td>\n<td style=\"width: 20%;\">ca. 60 min<\/td>\n<td style=\"width: 20%;\" align=\"right\" valign=\"top\">130.00<\/td>\n<\/tr>\n<tr>\n<td style=\"width: 40%;\" valign=\"top\">Braut Makeup, inkl. Lashes<\/td>\n<td style=\"width: 20%;\">ca. 75 min<\/td>\n<td style=\"width: 20%;\" align=\"right\" valign=\"top\">390.00<\/td>\n<\/tr>\n<tr>\n<td style=\"width: 40%;\" valign=\"top\">Spezialeffekten<\/td>\n<td style=\"width: 20%;\">&#8230;<\/td>\n<td style=\"width: 20%;\" align=\"right\" valign=\"top\">auf Anfrage<\/td>\n<\/tr>\n<tr style=\"height: 17.625px;\">\n<td style=\"width: 40%; height: 17.625px;\" valign=\"top\">Trial Makeup<\/td>\n<td style=\"width: 20%; height: 17.625px;\">&#8230;<\/td>\n<td style=\"width: 20%; height: 17.625px;\" align=\"right\" valign=\"top\">30% Rabatt !<\/td>\n<\/tr>\n<\/tbody>\n<\/table>\n<\/div><\/div><\/div><div class=\"fusion-panel panel-default\"><div class=\"panel-heading\"><h4 class=\"panel-title toggle\"><a aria-expanded=\"false\" aria-controls=\"bddb17df33042ea8a\" role=\"button\" data-toggle=\"collapse\" data-parent=\"#accordion-202-1\" data-target=\"#bddb17df33042ea8a\" href=\"#bddb17df33042ea8a\"><span class=\"fusion-toggle-icon-wrapper\" aria-hidden=\"true\"><i class=\"fa-fusion-box\" aria-hidden=\"true\"><\/i><\/span><span class=\"fusion-toggle-heading\">Hairstyle<\/span><\/a><\/h4><\/div><div id=\"bddb17df33042ea8a\" class=\"panel-collapse collapse \"><div class=\"panel-body toggle-content fusion-clearfix\">\n<table style=\"width: 100%;\">\n<tbody>\n<tr>\n<td style=\"width: 40%;\" valign=\"top\"><em>Beschreibung<\/em><\/td>\n<td style=\"width: 20%;\"><em>Zeit<\/em><\/td>\n<td style=\"width: 20%;\" align=\"right\" valign=\"top\"><em>CHF<\/em><\/td>\n<\/tr>\n<tr>\n<td style=\"width: 40%;\" valign=\"top\">Kurzes Haarstyling (Damen &amp; Herren)<\/td>\n<td style=\"width: 20%;\">ca. 25 min<\/td>\n<td style=\"width: 20%;\" align=\"right\" valign=\"top\">50.00<\/td>\n<\/tr>\n<tr>\n<td style=\"width: 40%;\" valign=\"top\">Langes Haar gl\u00e4tten \/ F\u00f6n trocknen<\/td>\n<td style=\"width: 20%;\">ca. 25 min<\/td>\n<td style=\"width: 20%;\" align=\"right\" valign=\"top\">50.00<\/td>\n<\/tr>\n<tr>\n<td style=\"width: 40%;\" valign=\"top\">GHD Locken<\/td>\n<td style=\"width: 20%;\">ca. 30 min<\/td>\n<td style=\"width: 20%;\" align=\"right\" valign=\"top\">70.00<\/td>\n<\/tr>\n<tr>\n<td style=\"width: 40%;\" valign=\"top\">Haar aufstecken<\/td>\n<td style=\"width: 20%;\">ca. 40 min<\/td>\n<td style=\"width: 20%;\" align=\"right\" valign=\"top\">90.00<\/td>\n<\/tr>\n<tr>\n<td style=\"width: 40%;\" valign=\"top\">Braut Haarstyling\uff0cinkl. Haar-Accessoires &amp; Veil.<\/td>\n<td style=\"width: 20%;\">ca. 60 min<\/td>\n<td style=\"text-align: right; width: 20%;\" valign=\"top\">190.00<\/td>\n<\/tr>\n<\/tbody>\n<\/table>\n<\/div><\/div><\/div><div class=\"fusion-panel panel-default\"><div class=\"panel-heading\"><h4 class=\"panel-title toggle\"><a aria-expanded=\"false\" aria-controls=\"4f62ea5ead8b21955\" role=\"button\" data-toggle=\"collapse\" data-parent=\"#accordion-202-1\" data-target=\"#4f62ea5ead8b21955\" href=\"#4f62ea5ead8b21955\"><span class=\"fusion-toggle-icon-wrapper\" aria-hidden=\"true\"><i class=\"fa-fusion-box\" aria-hidden=\"true\"><\/i><\/span><span class=\"fusion-toggle-heading\">Makeup &amp; Hairstyling (kombiniert Angebot)<\/span><\/a><\/h4><\/div><div id=\"4f62ea5ead8b21955\" class=\"panel-collapse collapse \"><div class=\"panel-body toggle-content fusion-clearfix\">\n<table style=\"width: 916px; height: 245px;\">\n<tbody>\n<tr>\n<td style=\"width: 607px;\"><em>Beschreibung <\/em><\/td>\n<td style=\"width: 137px;\"><em>Zeit<\/em><\/td>\n<td style=\"width: 162px;\"><em>CHF<\/em><\/td>\n<\/tr>\n<tr>\n<td style=\"width: 607px;\">Makeup &amp; Haarstyling f\u00fcr mann\/Br\u00e4utigam<\/td>\n<td style=\"width: 137px;\">ca. 35 min<\/td>\n<td style=\"width: 162px;\">170.00<\/td>\n<\/tr>\n<tr>\n<td style=\"width: 607px;\">Makeup &amp; Haarstyling f\u00fcr Party\/ Veranstaltung<\/td>\n<td style=\"width: 137px;\">ca. 75 min<\/td>\n<td style=\"width: 162px;\">230.00<\/td>\n<\/tr>\n<tr>\n<td style=\"width: 607px;\">Makeup &amp; Haarstyling f\u00fcr Foto shooting \/ Video<\/td>\n<td style=\"width: 137px;\">ca. 90 min<\/td>\n<td style=\"width: 162px;\">390.00<\/td>\n<\/tr>\n<tr>\n<td style=\"width: 607px;\">Makeup &amp; Haarstyling f\u00fcr Braut inkl. Winper<\/td>\n<td style=\"width: 137px;\">ca. 120 min<\/td>\n<td style=\"width: 162px;\">590.00<\/td>\n<\/tr>\n<tr>\n<td style=\"width: 607px;\">Gruppen Makeups<\/td>\n<td style=\"width: 137px;\">&#8230;<\/td>\n<td style=\"width: 162px;\">auf Anfrage<\/td>\n<\/tr>\n<tr>\n<td style=\"width: 607px;\">Service Vorort halber Tag<\/td>\n<td style=\"width: 137px;\">max 4 Stunden<\/td>\n<td style=\"width: 162px;\">500.00<\/td>\n<\/tr>\n<tr>\n<td style=\"width: 607px;\">Service Vorort ganzenr Tag<\/td>\n<td style=\"width: 137px;\">max 8 Stunden<\/td>\n<td style=\"width: 162px;\">800.00<\/td>\n<\/tr>\n<\/tbody>\n<\/table>\n<\/div><\/div><\/div><div class=\"fusion-panel panel-default\"><div class=\"panel-heading\"><h4 class=\"panel-title toggle\"><a aria-expanded=\"false\" aria-controls=\"ed63b60bf2370e1c8\" role=\"button\" data-toggle=\"collapse\" data-parent=\"#accordion-202-1\" data-target=\"#ed63b60bf2370e1c8\" href=\"#ed63b60bf2370e1c8\"><span class=\"fusion-toggle-icon-wrapper\" aria-hidden=\"true\"><i class=\"fa-fusion-box\" aria-hidden=\"true\"><\/i><\/span><span class=\"fusion-toggle-heading\">Individuelles1:1makeup-Coaching<\/span><\/a><\/h4><\/div><div id=\"ed63b60bf2370e1c8\" class=\"panel-collapse collapse \"><div class=\"panel-body toggle-content fusion-clearfix\">\n<ul class=\"fa-ul\">\n<li><i class=\"fa-li fa fa-check\"><\/i> 1 lesson \u00e0 2 hours<\/li>\n<li><i class=\"fa-li fa fa-check\"><\/i>190.- CHF<\/li>\n<li><i class=\"fa-li fa fa-check\"><\/i> makeup and material is included<\/li>\n<\/ul>\n<p><em>Prices for groups on <a href=\"https:\/\/sustyle.ch\/contact\/\">request<\/a>.<\/em><\/p>\n<\/div><\/div><\/div><\/div><\/div><div class=\"fusion-sep-clear\"><\/div><div class=\"fusion-separator fusion-full-width-sep\" style=\"margin-left: auto;margin-right: auto;margin-bottom:20px;width:100%;\"><\/div><div class=\"fusion-sep-clear\"><\/div><div class=\"fusion-button-wrapper\"><style type=\"text\/css\">.fusion-button.button-1 {border-radius:2px;}<\/style><a class=\"fusion-button button-flat fusion-button-default-size button-default button-1 fusion-button-default-span fusion-button-default-type\" target=\"_blank\" rel=\"noopener noreferrer\" href=\"https:\/\/sustyle.ch\/de\/buchen\/\"><i class=\"fa-calendar-alt far button-icon-left\" aria-hidden=\"true\"><\/i><span class=\"fusion-button-text\">Jetzt Buchen !<\/span><\/a><\/div><div class=\"fusion-clearfix\"><\/div><\/div><\/div><\/div><\/div>\n","protected":false},"excerpt":{"rendered":"","protected":false},"author":1,"featured_media":0,"parent":0,"menu_order":0,"comment_status":"closed","ping_status":"closed","template":"","meta":{"footnotes":""},"class_list":["post-202","page","type-page","status-publish","hentry"],"_links":{"self":[{"href":"https:\/\/sustyle.ch\/de\/wp-json\/wp\/v2\/pages\/202","targetHints":{"allow":["GET"]}}],"collection":[{"href":"https:\/\/sustyle.ch\/de\/wp-json\/wp\/v2\/pages"}],"about":[{"href":"https:\/\/sustyle.ch\/de\/wp-json\/wp\/v2\/types\/page"}],"author":[{"embeddable":true,"href":"https:\/\/sustyle.ch\/de\/wp-json\/wp\/v2\/users\/1"}],"replies":[{"embeddable":true,"href":"https:\/\/sustyle.ch\/de\/wp-json\/wp\/v2\/comments?post=202"}],"version-history":[{"count":200,"href":"https:\/\/sustyle.ch\/de\/wp-json\/wp\/v2\/pages\/202\/revisions"}],"predecessor-version":[{"id":1709,"href":"https:\/\/sustyle.ch\/de\/wp-json\/wp\/v2\/pages\/202\/revisions\/1709"}],"wp:attachment":[{"href":"https:\/\/sustyle.ch\/de\/wp-json\/wp\/v2\/media?parent=202"}],"curies":[{"name":"wp","href":"https:\/\/api.w.org\/{rel}","templated":true}]}}