{"id":207,"date":"2015-10-06T13:34:07","date_gmt":"2015-10-06T13:34:07","guid":{"rendered":"https:\/\/sustyle.ch\/de\/?page_id=207"},"modified":"2022-06-14T09:20:08","modified_gmt":"2022-06-14T08:20:08","slug":"ueber-su","status":"publish","type":"page","link":"https:\/\/sustyle.ch\/de\/ueber-su\/","title":{"rendered":"\u00dcber Uns"},"content":{"rendered":"<p><div class=\"fusion-fullwidth fullwidth-box fusion-builder-row-1 nonhundred-percent-fullwidth non-hundred-percent-height-scrolling\" style=\"background-color: rgba(255,255,255,0);background-position: center center;background-repeat: no-repeat;padding-top:0px;padding-right:0px;padding-bottom:0px;padding-left:0px;margin-bottom: 0px;margin-top: 0px;border-width: 0px 0px 0px 0px;border-color:#eae9e9;border-style:solid;\" ><div class=\"fusion-builder-row fusion-row\"><div class=\"fusion-layout-column fusion_builder_column fusion-builder-column-0 fusion_builder_column_1_1 1_1 fusion-one-full fusion-column-first fusion-column-last\" style=\"margin-top:0px;margin-bottom:20px;\"><div class=\"fusion-column-wrapper fusion-flex-column-wrapper-legacy\" style=\"background-position:left top;background-repeat:no-repeat;-webkit-background-size:cover;-moz-background-size:cover;-o-background-size:cover;background-size:cover;padding: 0px 0px 0px 0px;\"><style type=\"text\/css\"><\/style><div class=\"fusion-title title fusion-title-1 fusion-sep-none fusion-title-text fusion-title-size-one\" style=\"margin-top:0px;margin-right:0px;margin-bottom:31px;margin-left:0px;\"><h1 class=\"title-heading-left\" style=\"margin:0;\">\u00dcber uns<\/h1><\/div><div class=\"fusion-clearfix\"><\/div><\/div><\/div><\/div><\/div><div class=\"fusion-fullwidth fullwidth-box fusion-builder-row-2 hundred-percent-fullwidth non-hundred-percent-height-scrolling\" style=\"background-color: rgba(255,255,255,0);background-position: center center;background-repeat: no-repeat;padding-top:0px;padding-right:0px;padding-bottom:0px;padding-left:0px;margin-bottom: 0px;margin-top: 0px;border-width: 0px 0px 0px 0px;border-color:#eae9e9;border-style:solid;\" ><div class=\"fusion-builder-row fusion-row\"><div class=\"fusion-layout-column fusion_builder_column fusion-builder-column-1 fusion_builder_column_2_3 2_3 fusion-two-third fusion-column-first\" style=\"width:66.666666666667%;width:calc(66.666666666667% - ( ( 4% ) * 0.66666666666667 ) );margin-right: 4%;margin-top:0px;margin-bottom:20px;\"><div class=\"fusion-column-wrapper fusion-flex-column-wrapper-legacy\" style=\"background-position:left top;background-blend-mode: overlay;background-repeat:no-repeat;-webkit-background-size:cover;-moz-background-size:cover;-o-background-size:cover;background-size:cover;padding: 0px 0px 0px 0px;\"><style type=\"text\/css\"><\/style><div class=\"fusion-title title fusion-title-2 fusion-sep-none fusion-title-text fusion-title-size-two\" style=\"font-size:22px;margin-top:0px;margin-right:0px;margin-bottom:31px;margin-left:0px;\"><h2 class=\"title-heading-left\" style=\"font-family:&quot;Playfair Display&quot;;font-weight:500;margin:0;font-size:1em;\">Dongbei Su<\/h2><\/div><div class=\"fusion-text fusion-text-1\"><p>Ich verf\u00fcge \u00fcber mehr als 20 Jahre Berufserfahrung auf h\u00f6chstem Niveau in der Kosmetikbranche. Derzeit bin ich Mitglied des &#8222;China Film and Television Technology Make-Up Committee&#8220; und der &#8222;Hong Kong International CICA Association&#8220;.<\/p>\n<p>Ich begann meine berufliche Laufbahn als Maskenbildnerin in der Filmindustrie in Hongkong, nachdem ich 2001 mein Bachelor- und Masterstudium an der Central Academy of Drama in Peking, China, erfolgreich abgeschlossen hatte.<\/p>\n<p>2008 wurde ich mit dem Designpreis beim &#8222;Hair Design Trend &amp; Make-Up World Contest&#8220; in Macao ausgezeichnet. Dies war eine absolute Ehre und ein Meilenstein, der mich ermutigte und motivierte, weiterzumachen und mein Handwerk zu perfektionieren.<\/p>\n<p>Im Jahr 2012 konnte ich meine F\u00e4higkeiten weiter ausbauen, indem ich das Auswahlverfahren f\u00fcr das chinesische Zertifikat f\u00fcr Film- und TV-Make-up-Lehrer erfolgreich absolvierte und andere Fachleute unterrichtete.<\/p>\n<p>Ich zog in die Schweiz und er\u00f6ffnete das \u00abSu Style Make-Up Styling Studio\u00bb.<\/p>\n<p>Seither habe ich einen treuen und stetig wachsenden Kundenstamm.<\/p>\n<p>Ich freue mich darauf, Sie in meinem Studio begr\u00fcssen zu d\u00fcrfen.<\/p>\n<\/div><style type=\"text\/css\">.fusion-accordian  #accordion-207-1 .panel-title a .fa-fusion-box{ color: #ffffff;}.fusion-accordian  #accordion-207-1 .panel-title a .fa-fusion-box:before{ font-size: 13px; width: 13px;}.fusion-accordian  #accordion-207-1 .panel-title a{font-size:15px;}.fusion-accordian  #accordion-207-1 .fa-fusion-box { background-color: #333333;border-color: #333333;}.fusion-accordian  #accordion-207-1 .panel-title a:hover, #accordion-207-1 .fusion-toggle-boxed-mode:hover .panel-title a { color: #474747;}.fusion-accordian  #accordion-207-1 .panel-title .active .fa-fusion-box,.fusion-accordian  #accordion-207-1 .panel-title a:hover .fa-fusion-box { background-color: #474747!important;border-color: #474747!important;}<\/style><div class=\"accordian fusion-accordian\"><div class=\"panel-group\" id=\"accordion-207-1\"><div class=\"fusion-panel panel-default fusion-toggle-no-divider\"><div class=\"panel-heading\"><h4 class=\"panel-title toggle\"><a aria-expanded=\"false\" aria-controls=\"c5d8ca3b0d450ead4\" role=\"button\" data-toggle=\"collapse\" data-parent=\"#accordion-207-1\" data-target=\"#c5d8ca3b0d450ead4\" href=\"#c5d8ca3b0d450ead4\"><span class=\"fusion-toggle-icon-wrapper\" aria-hidden=\"true\"><i class=\"fa-fusion-box\" aria-hidden=\"true\"><\/i><\/span><span class=\"fusion-toggle-heading\">CV<\/span><\/a><\/h4><\/div><div id=\"c5d8ca3b0d450ead4\" class=\"panel-collapse collapse \"><div class=\"panel-body toggle-content fusion-clearfix\"><strong>2001<\/strong><br \/>\nThe Central Academy of Drama (Make-Up), Beijing, China<\/p>\n<p><strong>2002<\/strong><br \/>\nBeijing Film Academy<br \/>\nAusbildung f\u00fcr Film- und Fernsehspezialeffekte &#8211; Make-up<\/p>\n<p><strong>2008<\/strong><br \/>\nAuszeichnung im Frisuren- und Make-up-Wettbewerb in Macau (CN)<\/p>\n<p><strong>2012<\/strong><br \/>\nDiploma: China Society of Motion Pictures and TV Engineers Make-Up Committee<br \/>\nLizenziat als Film- und TV-Make-up-Lehrerin<\/p>\n<p><strong>2013<\/strong><br \/>\nHong Kong International CICA Association of Esthetics:<br \/>\nDiploma: \u00abDongbei Su has successfully acquired the qualification as Certified Instructor for Professional Make-Up.\u00bb<\/p>\n<p><strong>since 2014<\/strong><br \/>\nEigenes Make-Up-Studio in Z\u00fcrich.<\/div><\/div><\/div><\/div><\/div><div class=\"fusion-clearfix\"><\/div><\/div><\/div><div class=\"fusion-layout-column fusion_builder_column fusion-builder-column-2 fusion_builder_column_1_3 1_3 fusion-one-third fusion-column-last\" style=\"width:33.333333333333%;width:calc(33.333333333333% - ( ( 4% ) * 0.33333333333333 ) );margin-top:0px;margin-bottom:20px;\"><div class=\"fusion-column-wrapper fusion-flex-column-wrapper-legacy\" style=\"background-position:left top;background-blend-mode: overlay;background-repeat:no-repeat;-webkit-background-size:cover;-moz-background-size:cover;-o-background-size:cover;background-size:cover;padding: 0px 0px 0px 0px;\"><span class=\" fusion-imageframe imageframe-none imageframe-1 hover-type-none\"><img decoding=\"async\" width=\"1000\" height=\"1500\" title=\"dongbei-su\" src=\"https:\/\/sustyle.ch\/wp-content\/uploads\/2018\/10\/dongbei-su.jpg\" class=\"img-responsive wp-image-1301\" srcset=\"https:\/\/sustyle.ch\/wp-content\/uploads\/2018\/10\/dongbei-su-200x300.jpg 200w, https:\/\/sustyle.ch\/wp-content\/uploads\/2018\/10\/dongbei-su-400x600.jpg 400w, https:\/\/sustyle.ch\/wp-content\/uploads\/2018\/10\/dongbei-su-600x900.jpg 600w, https:\/\/sustyle.ch\/wp-content\/uploads\/2018\/10\/dongbei-su-800x1200.jpg 800w, https:\/\/sustyle.ch\/wp-content\/uploads\/2018\/10\/dongbei-su.jpg 1000w\" sizes=\"(max-width: 800px) 100vw, 400px\" \/><\/span><div class=\"fusion-clearfix\"><\/div><\/div><\/div><\/div><style type=\"text\/css\">.fusion-fullwidth.fusion-builder-row-2 { overflow:visible; }<\/style><\/div><div class=\"fusion-fullwidth fullwidth-box fusion-builder-row-3 fusion-flex-container nonhundred-percent-fullwidth non-hundred-percent-height-scrolling\" style=\"background-color: rgba(255,255,255,0);background-position: center center;background-repeat: no-repeat;border-width: 0px 0px 0px 0px;border-color:#eae9e9;border-style:solid;\" ><div class=\"fusion-builder-row fusion-row fusion-flex-align-items-flex-start\" style=\"max-width:1227.2px;margin-left: calc(-4% \/ 2 );margin-right: calc(-4% \/ 2 );\"><div class=\"fusion-layout-column fusion_builder_column fusion-builder-column-3 fusion_builder_column_1_1 1_1 fusion-flex-column\"><div class=\"fusion-column-wrapper fusion-flex-justify-content-flex-start fusion-content-layout-column\" style=\"background-position:left top;background-repeat:no-repeat;-webkit-background-size:cover;-moz-background-size:cover;-o-background-size:cover;background-size:cover;padding: 0px 0px 0px 0px;\"><div class=\"fusion-separator fusion-full-width-sep\" style=\"align-self: center;margin-left: auto;margin-right: auto;width:100%;\"><div class=\"fusion-separator-border sep-single sep-solid\" style=\"border-color:#e0dede;border-top-width:1px;\"><\/div><\/div><\/div><style type=\"text\/css\">.fusion-body .fusion-builder-column-3{width:100% !important;margin-top : 0px;margin-bottom : 20px;}.fusion-builder-column-3 > .fusion-column-wrapper {padding-top : 0px !important;padding-right : 0px !important;margin-right : 1.92%;padding-bottom : 0px !important;padding-left : 0px !important;margin-left : 1.92%;}@media only screen and (max-width:1024px) {.fusion-body .fusion-builder-column-3{width:100% !important;order : 0;}.fusion-builder-column-3 > .fusion-column-wrapper {margin-right : 1.92%;margin-left : 1.92%;}}@media only screen and (max-width:640px) {.fusion-body .fusion-builder-column-3{width:100% !important;order : 0;}.fusion-builder-column-3 > .fusion-column-wrapper {margin-right : 1.92%;margin-left : 1.92%;}}<\/style><\/div><\/div><style type=\"text\/css\">.fusion-body .fusion-flex-container.fusion-builder-row-3{ padding-top : 0px;margin-top : 0px;padding-right : 0px;padding-bottom : 0px;margin-bottom : 0px;padding-left : 0px;}<\/style><\/div><div class=\"fusion-fullwidth fullwidth-box fusion-builder-row-4 hundred-percent-fullwidth non-hundred-percent-height-scrolling\" style=\"background-color: rgba(255,255,255,0);background-position: center center;background-repeat: no-repeat;padding-top:0px;padding-right:0px;padding-bottom:0px;padding-left:0px;margin-bottom: 0px;margin-top: 0px;border-width: 0px 0px 0px 0px;border-color:#eae9e9;border-style:solid;\" ><div class=\"fusion-builder-row fusion-row\"><div class=\"fusion-layout-column fusion_builder_column fusion-builder-column-4 fusion_builder_column_2_3 2_3 fusion-two-third fusion-column-first\" style=\"width:66.666666666667%;width:calc(66.666666666667% - ( ( 4% ) * 0.66666666666667 ) );margin-right: 4%;margin-top:0px;margin-bottom:20px;\"><div class=\"fusion-column-wrapper fusion-flex-column-wrapper-legacy\" style=\"background-position:left top;background-blend-mode: overlay;background-repeat:no-repeat;-webkit-background-size:cover;-moz-background-size:cover;-o-background-size:cover;background-size:cover;padding: 0px 0px 0px 0px;\"><style type=\"text\/css\"><\/style><div class=\"fusion-title title fusion-title-3 fusion-sep-none fusion-title-text fusion-title-size-two\" style=\"font-size:22px;margin-top:0px;margin-right:0px;margin-bottom:31px;margin-left:0px;\"><h2 class=\"title-heading-left\" style=\"font-family:&quot;Playfair Display&quot;;font-weight:500;margin:0;font-size:1em;\">Dunya Ahmadjan<\/h2><\/div><div class=\"fusion-text fusion-text-2\"><h2>Gesichtsbehandlung, Wimmpernverl\u00e4ngerung, Make up und Massage<\/h2>\n<p>Jahrelange Erfahrung im Kosmetik-Bereich.<\/p>\n<p>Termin vereinbaren: +491633612698<\/p>\n<\/div><div class=\"fusion-clearfix\"><\/div><\/div><\/div><div class=\"fusion-layout-column fusion_builder_column fusion-builder-column-5 fusion_builder_column_1_3 1_3 fusion-one-third fusion-column-last\" style=\"width:33.333333333333%;width:calc(33.333333333333% - ( ( 4% ) * 0.33333333333333 ) );margin-top:0px;margin-bottom:20px;\"><div class=\"fusion-column-wrapper fusion-flex-column-wrapper-legacy\" style=\"background-position:left top;background-blend-mode: overlay;background-repeat:no-repeat;-webkit-background-size:cover;-moz-background-size:cover;-o-background-size:cover;background-size:cover;padding: 0px 0px 0px 0px;\"><span class=\" fusion-imageframe imageframe-none imageframe-2 hover-type-none\"><img decoding=\"async\" width=\"1237\" height=\"839\" title=\"dunja\" src=\"https:\/\/sustyle.ch\/wp-content\/uploads\/2021\/10\/dunja.jpg\" class=\"img-responsive wp-image-1342\" srcset=\"https:\/\/sustyle.ch\/wp-content\/uploads\/2021\/10\/dunja-200x136.jpg 200w, https:\/\/sustyle.ch\/wp-content\/uploads\/2021\/10\/dunja-400x271.jpg 400w, https:\/\/sustyle.ch\/wp-content\/uploads\/2021\/10\/dunja-600x407.jpg 600w, https:\/\/sustyle.ch\/wp-content\/uploads\/2021\/10\/dunja-800x543.jpg 800w, https:\/\/sustyle.ch\/wp-content\/uploads\/2021\/10\/dunja-1200x814.jpg 1200w, https:\/\/sustyle.ch\/wp-content\/uploads\/2021\/10\/dunja.jpg 1237w\" sizes=\"(max-width: 800px) 100vw, 400px\" \/><\/span><div class=\"fusion-clearfix\"><\/div><\/div><\/div><\/div><style type=\"text\/css\">.fusion-fullwidth.fusion-builder-row-4 { overflow:visible; }<\/style><\/div><\/p>\n","protected":false},"excerpt":{"rendered":"","protected":false},"author":1,"featured_media":0,"parent":0,"menu_order":0,"comment_status":"closed","ping_status":"closed","template":"","meta":{"footnotes":""},"class_list":["post-207","page","type-page","status-publish","hentry"],"_links":{"self":[{"href":"https:\/\/sustyle.ch\/de\/wp-json\/wp\/v2\/pages\/207","targetHints":{"allow":["GET"]}}],"collection":[{"href":"https:\/\/sustyle.ch\/de\/wp-json\/wp\/v2\/pages"}],"about":[{"href":"https:\/\/sustyle.ch\/de\/wp-json\/wp\/v2\/types\/page"}],"author":[{"embeddable":true,"href":"https:\/\/sustyle.ch\/de\/wp-json\/wp\/v2\/users\/1"}],"replies":[{"embeddable":true,"href":"https:\/\/sustyle.ch\/de\/wp-json\/wp\/v2\/comments?post=207"}],"version-history":[{"count":38,"href":"https:\/\/sustyle.ch\/de\/wp-json\/wp\/v2\/pages\/207\/revisions"}],"predecessor-version":[{"id":1397,"href":"https:\/\/sustyle.ch\/de\/wp-json\/wp\/v2\/pages\/207\/revisions\/1397"}],"wp:attachment":[{"href":"https:\/\/sustyle.ch\/de\/wp-json\/wp\/v2\/media?parent=207"}],"curies":[{"name":"wp","href":"https:\/\/api.w.org\/{rel}","templated":true}]}}