{"id":222,"date":"2015-10-06T13:48:11","date_gmt":"2015-10-06T13:48:11","guid":{"rendered":"https:\/\/sustyle.ch\/de\/?page_id=222"},"modified":"2022-06-24T22:25:20","modified_gmt":"2022-06-24T21:25:20","slug":"make-up","status":"publish","type":"page","link":"https:\/\/sustyle.ch\/de\/make-up\/","title":{"rendered":"Make-up"},"content":{"rendered":"<div class=\"fusion-fullwidth fullwidth-box fusion-builder-row-1 nonhundred-percent-fullwidth non-hundred-percent-height-scrolling\" style=\"background-color: rgba(255,255,255,0);background-position: center center;background-repeat: no-repeat;padding-top:0px;padding-right:0px;padding-bottom:0px;padding-left:0px;margin-bottom: 0px;margin-top: 0px;border-width: 0px 0px 0px 0px;border-color:#eae9e9;border-style:solid;\" ><div class=\"fusion-builder-row fusion-row\"><div class=\"fusion-layout-column fusion_builder_column fusion-builder-column-0 fusion_builder_column_1_1 1_1 fusion-one-full fusion-column-first fusion-column-last\" style=\"margin-top:0px;margin-bottom:20px;\"><div class=\"fusion-column-wrapper fusion-flex-column-wrapper-legacy\" style=\"background-position:left top;background-repeat:no-repeat;-webkit-background-size:cover;-moz-background-size:cover;-o-background-size:cover;background-size:cover;padding: 0px 0px 0px 0px;\"><div class=\"fusion-text fusion-text-1\"><h1>Makeup<\/h1>\n<\/div><div class=\"fusion-clearfix\"><\/div><\/div><\/div><div class=\"fusion-layout-column fusion_builder_column fusion-builder-column-1 fusion_builder_column_2_3 2_3 fusion-two-third fusion-column-first\" style=\"width:65.3333%; margin-right: 4%;margin-top:0px;margin-bottom:0px;\"><div class=\"fusion-column-wrapper fusion-flex-column-wrapper-legacy\" style=\"background-position:left top;background-repeat:no-repeat;-webkit-background-size:cover;-moz-background-size:cover;-o-background-size:cover;background-size:cover;padding: 0px 0px 0px 0px;\"><div class=\"fusion-text fusion-text-2\"><h2>Attraktiv ist, wer sich sch\u00f6n f\u00fchlt&#8230;das Sch\u00f6nste ist, sich selbst zu sein!<\/h2>\n<p>Wir sind der Meinung, dass sich innere Sch\u00f6nheit und \u00e4usserliche Attraktivit\u00e4t in Wechselwirkung zu einander stehen. Attraktiv ist, wer sich sch\u00f6n f\u00fchlt. Und damit diese innere und \u00e4ussere Sch\u00f6nheit zur Geltung kommt, kann entsprechendes Make-Up unterst\u00fctzend wirken.<\/p>\n<p>Menschen werden gemeinhin an ihrer Erscheinung gemessen; das ist eine zutiefst menschliche Verhaltensweise, die sich nicht so schnell \u00e4ndern wird. Wir von Su Style m\u00f6chten aber dazu beitragen, dass \u2013 durch das attraktive \u00c4ussere \u2013 auch die eigene Sch\u00f6nheit zum Strahlen gebracht wird.<\/p>\n<p>Make-Up-Design ist anspruchsvoll \u2013 nur zu schnell wird man aufgrund von unpassendem Make-Up schubladisiert. Su Style setzt beim korrekten Make-Up auf die Kombination von Kontur, Form, Farbe, Stil und anderen Faktoren.<\/p>\n<p>Beim Film entwickelt der Make-Up-K\u00fcnstler das Image aus der Hintergrund-Geschichte des entsprechenden Charakters, seiner umfassenden Pers\u00f6nlichkeit wie auch dem Leben der zu darstellenden Figur. Entsprechend wichtig ist auch hier die richtige Technik.<\/p>\n<p>Im realen Leben verl\u00e4sst sich der Make-Up-K\u00fcnstler vor allem auf das Temperament des Kunden, auf das \u00e4ussere Bild wie beispielsweise der Gesichtsz\u00fcge und auf die Frisur.<\/p>\n<\/div><div class=\"fusion-sep-clear\"><\/div><div class=\"fusion-separator fusion-full-width-sep\" style=\"margin-left: auto;margin-right: auto;margin-top:40px;margin-bottom:40px;width:100%;\"><div class=\"fusion-separator-border sep-double sep-solid\" style=\"border-color:#e0dede;border-top-width:1px;border-bottom-width:1px;\"><\/div><\/div><div class=\"fusion-sep-clear\"><\/div><style type=\"text\/css\"><\/style><div class=\"fusion-title title fusion-title-1 fusion-sep-none fusion-title-text fusion-title-size-three\" style=\"font-size:20px;margin-top:0px;margin-right:0px;margin-bottom:31px;margin-left:0px;\"><h3 class=\"title-heading-left\" style=\"margin:0;font-size:1em;\">Preis<\/h3><\/div><div class=\"fusion-text fusion-text-3\"><table style=\"width: 100%;\">\n<tbody>\n<tr>\n<td style=\"width: 40%;\" valign=\"top\"><em>Beschreibung<\/em><\/td>\n<td style=\"width: 20%;\"><em>Zeit<\/em><\/td>\n<td style=\"width: 20%;\" align=\"right\" valign=\"top\"><em>CHF<\/em><\/td>\n<\/tr>\n<tr style=\"height: 24px;\">\n<td style=\"width: 60%; height: 24px;\">Augenbrauen\u00a0 zupfen &amp; malen\/H\u00e4rchenzeichnung)(auchf\u00fcr M\u00e4nner)<\/td>\n<td style=\"width: 11.5946%; height: 24px;\">ca.25 min<\/td>\n<td style=\"width: 18.4054%; height: 24px;\" align=\"right\"><em><del>50.00<\/del>\u00a0 <strong>35.00<\/strong><\/em><\/td>\n<\/tr>\n<tr>\n<td style=\"width: 40%;\" valign=\"top\">Herren Makeup<\/td>\n<td style=\"width: 20%;\">ca. 25 min<\/td>\n<td style=\"width: 20%;\" align=\"right\" valign=\"top\">90.00<\/td>\n<\/tr>\n<tr>\n<td style=\"width: 40%;\" valign=\"top\">Tages Makeup<\/td>\n<td style=\"width: 20%;\">ca. 30 min<\/td>\n<td style=\"width: 20%;\" align=\"right\" valign=\"top\">130.00<\/td>\n<\/tr>\n<tr>\n<td style=\"width: 40%;\" valign=\"top\">Event\/Party\/ Abend Makeup inkl. Lashes<\/td>\n<td style=\"width: 20%;\">ca. 45 min<\/td>\n<td style=\"width: 20%;\" align=\"right\" valign=\"top\">190.00<\/td>\n<\/tr>\n<tr>\n<td style=\"width: 40%;\" valign=\"top\">Stage\/Theater Makeup, inkl. Lashes<\/td>\n<td style=\"width: 20%;\">ca. 60 min<\/td>\n<td style=\"width: 20%;\" align=\"right\" valign=\"top\">230.00<\/td>\n<\/tr>\n<tr>\n<td style=\"width: 40%;\" valign=\"top\">Braut Makeup, inkl. Lashes<\/td>\n<td style=\"width: 20%;\">ca. 75 min<\/td>\n<td style=\"width: 20%;\" align=\"right\" valign=\"top\">430.00<\/td>\n<\/tr>\n<tr>\n<td style=\"width: 40%;\" valign=\"top\">Spezialeffekten<\/td>\n<td style=\"width: 20%;\">&#8230;<\/td>\n<td style=\"width: 20%;\" align=\"right\" valign=\"top\">auf Anfrage<\/td>\n<\/tr>\n<tr style=\"height: 17.625px;\">\n<td style=\"width: 40%; height: 17.625px;\" valign=\"top\">Trial Makeup<\/td>\n<td style=\"width: 20%; height: 17.625px;\">&#8230;<\/td>\n<td style=\"width: 20%; height: 17.625px;\" align=\"right\" valign=\"top\">50% Rabatt !<\/td>\n<\/tr>\n<\/tbody>\n<\/table>\n<\/div><div class=\"fusion-sep-clear\"><\/div><div class=\"fusion-separator fusion-full-width-sep\" style=\"margin-left: auto;margin-right: auto;margin-top:40px;margin-bottom:40px;width:100%;\"><div class=\"fusion-separator-border sep-double sep-solid\" style=\"border-color:#e0dede;border-top-width:1px;border-bottom-width:1px;\"><\/div><\/div><div class=\"fusion-sep-clear\"><\/div><style type=\"text\/css\"><\/style><div class=\"fusion-title title fusion-title-2 fusion-sep-none fusion-title-text fusion-title-size-three\" style=\"font-size:20px;margin-top:0px;margin-right:0px;margin-bottom:31px;margin-left:0px;\"><h3 class=\"title-heading-left\" style=\"margin:0;font-size:1em;\">Buchen<\/h3><\/div><script type='text\/javascript'>\n   \tvar wbk_cstuomer_email_on_from = '';\n<\/script>\n<div class=\"wbk-outer-container wbk_booking_form_container\">\n\t<div class=\"wbk-inner-container\">\n     \t<img src=https:\/\/sustyle.ch\/wp-content\/plugins\/webba-booking-lite\/frontend\/images\/loading.svg style=\"display:block;width:0px;height:0px;\">\n    <img src=https:\/\/sustyle.ch\/wp-content\/plugins\/webba-booking-lite\/frontend\/images\/loading_small.svg style=\"display:block;width:0px;height:0px;\">\n\t\t<div class=\"wbk-frontend-row\" id=\"wbk-service-container\" >\n\t\t\t<div class=\"wbk-col-12-12\" >\n\t\t\t\t <div id=\"wbk_service_list_holder\"><label class=\"wbk-input-label\">W\u00e4hlen Sie einen Service \/ Select a service<\/label><select class=\"wbk-select wbk-input wbk_services\" id=\"wbk-service-id\"><option value=\"0\" selected=\"selected\">ausw\u00e4hlen....<\/option><option value=\"2\"  data-multi-low-limit=\"\" data-multi-limit=\"\" >Augenbrauen zupfen & malen\/H\u00e4rchenzeichnung)(auchf\u00fcr M\u00e4nner)<\/option><option value=\"14\"  data-multi-low-limit=\"\" data-multi-limit=\"\" >Herren Makeup<\/option><option value=\"15\"  data-multi-low-limit=\"\" data-multi-limit=\"\" >Tages Makeup<\/option><option value=\"16\"  data-multi-low-limit=\"\" data-multi-limit=\"\" >Event\/Party\/ Abend Makeup inkl. Lashes<\/option><option value=\"17\"  data-multi-low-limit=\"\" data-multi-limit=\"\" >Stage\/Theater Makeup, inkl. Lashes<\/option><option value=\"18\"  data-multi-low-limit=\"\" data-multi-limit=\"\" >Braut Makeup, inkl. Lashes<\/option><option value=\"32\"  data-multi-low-limit=\"\" data-multi-limit=\"\" >Spezialeffekten<\/option><option value=\"33\"  data-multi-low-limit=\"\" data-multi-limit=\"\" >Trial Makeup<\/option><\/select><\/div><input type=\"hidden\" id=\"wbk_current_category\" value=\"1\">\t\t\t<\/div>\n\t\t\t<script type='text\/javascript'>var wbk_get_converted = {\"blank\":\"blank\"};<\/script>\n\t\t<\/div>\n\t\t<div class=\"wbk-frontend-row wbk_date_container\" id=\"wbk-date-container\">\n\t\t<\/div>\n\t\t\t\t\t<div class=\"wbk-frontend-row wbk_time_container\" id=\"wbk-time-container\">\n\t\t\t<\/div>\n\t\t\t\t<div class=\"wbk-frontend-row wbk_slots_container\" id=\"wbk-slots-container\">\n\t\t<\/div>\n\t\t<div class=\"wbk-frontend-row wbk_booking_form_container\" id=\"wbk-booking-form-container\">\n\t\t<\/div>\n\t\t<div class=\"wbk-frontend-row wbk_booking_done\" id=\"wbk-booking-done\">\n\t\t<\/div>\n\t\t<div class=\"wbk-frontend-row wbk_payment\" id=\"wbk-payment\">\n\t\t<\/div>\n\t<\/div>\n<\/div>\n <div class=\"fusion-clearfix\"><\/div><\/div><\/div><div class=\"fusion-layout-column fusion_builder_column fusion-builder-column-2 fusion_builder_column_1_3 1_3 fusion-one-third fusion-column-last\" style=\"width:30.6666%;margin-top:0px;margin-bottom:0px;\"><div class=\"fusion-column-wrapper fusion-flex-column-wrapper-legacy\" style=\"background-position:left top;background-repeat:no-repeat;-webkit-background-size:cover;-moz-background-size:cover;-o-background-size:cover;background-size:cover;padding: 0px 0px 0px 0px;\"><span class=\" fusion-imageframe imageframe-none imageframe-1 hover-type-none\"><img decoding=\"async\" width=\"225\" height=\"300\" title=\"se-1\" src=\"https:\/\/sustyle.ch\/wp-content\/uploads\/2015\/10\/se-1-225x300.jpg\" class=\"img-responsive wp-image-1261\" srcset=\"https:\/\/sustyle.ch\/wp-content\/uploads\/2015\/10\/se-1-225x300.jpg 225w, https:\/\/sustyle.ch\/wp-content\/uploads\/2015\/10\/se-1-768x1024.jpg 768w, https:\/\/sustyle.ch\/wp-content\/uploads\/2015\/10\/se-1.jpg 800w\" sizes=\"(max-width: 225px) 100vw, 225px\" \/><\/span><div class=\"fusion-clearfix\"><\/div><\/div><\/div><\/div><\/div>\n","protected":false},"excerpt":{"rendered":"","protected":false},"author":1,"featured_media":0,"parent":0,"menu_order":0,"comment_status":"closed","ping_status":"closed","template":"","meta":{"footnotes":""},"class_list":["post-222","page","type-page","status-publish","hentry"],"_links":{"self":[{"href":"https:\/\/sustyle.ch\/de\/wp-json\/wp\/v2\/pages\/222","targetHints":{"allow":["GET"]}}],"collection":[{"href":"https:\/\/sustyle.ch\/de\/wp-json\/wp\/v2\/pages"}],"about":[{"href":"https:\/\/sustyle.ch\/de\/wp-json\/wp\/v2\/types\/page"}],"author":[{"embeddable":true,"href":"https:\/\/sustyle.ch\/de\/wp-json\/wp\/v2\/users\/1"}],"replies":[{"embeddable":true,"href":"https:\/\/sustyle.ch\/de\/wp-json\/wp\/v2\/comments?post=222"}],"version-history":[{"count":18,"href":"https:\/\/sustyle.ch\/de\/wp-json\/wp\/v2\/pages\/222\/revisions"}],"predecessor-version":[{"id":1517,"href":"https:\/\/sustyle.ch\/de\/wp-json\/wp\/v2\/pages\/222\/revisions\/1517"}],"wp:attachment":[{"href":"https:\/\/sustyle.ch\/de\/wp-json\/wp\/v2\/media?parent=222"}],"curies":[{"name":"wp","href":"https:\/\/api.w.org\/{rel}","templated":true}]}}