{"id":646,"date":"2016-11-15T09:49:15","date_gmt":"2016-11-15T09:49:15","guid":{"rendered":"https:\/\/sustyle.ch\/de\/?page_id=646"},"modified":"2022-07-08T10:23:06","modified_gmt":"2022-07-08T09:23:06","slug":"permanent-makeup","status":"publish","type":"page","link":"https:\/\/sustyle.ch\/de\/permanent-makeup\/","title":{"rendered":"Permanent-makeup"},"content":{"rendered":"<div class=\"fusion-fullwidth fullwidth-box fusion-builder-row-1 nonhundred-percent-fullwidth non-hundred-percent-height-scrolling\" style=\"background-color: rgba(255,255,255,0);background-position: center center;background-repeat: no-repeat;padding-top:0px;padding-right:0px;padding-bottom:0px;padding-left:0px;margin-bottom: 0px;margin-top: 0px;border-width: 0px 0px 0px 0px;border-color:#eae9e9;border-style:solid;\" ><div class=\"fusion-builder-row fusion-row\"><div class=\"fusion-layout-column fusion_builder_column fusion-builder-column-0 fusion_builder_column_1_1 1_1 fusion-one-full fusion-column-first fusion-column-last\" style=\"margin-top:0px;margin-bottom:20px;\"><div class=\"fusion-column-wrapper fusion-flex-column-wrapper-legacy\" style=\"background-position:left top;background-repeat:no-repeat;-webkit-background-size:cover;-moz-background-size:cover;-o-background-size:cover;background-size:cover;padding: 0px 0px 0px 0px;\"><div class=\"fusion-text fusion-text-1\"><h1>Powder Brows \/ Microblading<\/h1>\n<\/div><div class=\"fusion-clearfix\"><\/div><\/div><\/div><div class=\"fusion-layout-column fusion_builder_column fusion-builder-column-1 fusion_builder_column_2_3 2_3 fusion-two-third fusion-column-first\" style=\"width:65.3333%; margin-right: 4%;margin-top:0px;margin-bottom:0px;\"><div class=\"fusion-column-wrapper fusion-flex-column-wrapper-legacy\" style=\"background-position:left top;background-repeat:no-repeat;-webkit-background-size:cover;-moz-background-size:cover;-o-background-size:cover;background-size:cover;padding: 0px 0px 0px 0px;\"><div class=\"fusion-text fusion-text-2\"><p><strong>Gut zu wissen:<\/strong><\/p>\n<ul>\n<li>Produkte von Swiss Color, steht f\u00fcr Qualit\u00e4t und Pr\u00e4zision<\/li>\n<li>Ergebnis h\u00e4lt in der Regel ca. 2-3 Jahre<\/li>\n<li>Durchgef\u00fchrt von die zertifizierte Fachperson und erfahrener Visagistin<\/li>\n<li>Dauer: ca. 120-150 min<\/li>\n<\/ul>\n<p><strong>Das ist Microblading<\/strong><\/p>\n<ul>\n<li>Alternative Methode zum gew\u00f6hnlichen Permanent-Make-up mit Pigmentierger\u00e4ten<\/li>\n<li>Farbpigmente werden manuell mit einem speziellen Blade in die Haut eingebracht<\/li>\n<li>Es werden sogenannte 3D-, 6D- und HD-Systeme verwendet, die das nat\u00fcrliche Wachstum der Augenbrauen simulieren<\/li>\n<li>F\u00fcr hochpr\u00e4zise, gleichm\u00e4ssige, individuelle und nat\u00fcrlich wirkende Augenbrauen<\/li>\n<\/ul>\n<p><strong>Das ist die Pudertechnik<\/strong><\/p>\n<ul>\n<li>Oberfl\u00e4chliche manuelle Auftragung der Farbpigmente<\/li>\n<li>Pudereffekt: Unterlegt die Brauen mit einer nat\u00fcrlichen und haltbaren Schattierung \u2013 wie ein Augenbrauenstift<\/li>\n<li>je nach Alter passt die Brauenform an das Gesicht optimal an<\/li>\n<li>Brauen erscheinen optisch dichter und volumin\u00f6ser<\/li>\n<\/ul>\n<p><strong>Das ist Pudertechnik kombiniert mit Microblading<\/strong><\/p>\n<ul>\n<li>Oberfl\u00e4chliche manuelle Auftragung der Farbpigmente mit nat\u00fcrlicher Art<\/li>\n<li>Pudereffekt: unterlegt die Brauen mit einer nat\u00fcrlichen und haltbaren Schattierung \u2013 wie ein Augenbrauenstift<\/li>\n<li>je nach Alter passt die Brauenform an das Gesicht optimal an Brauen erscheinen gestylt, optisch dichter und volumin\u00f6ser<\/li>\n<li>Besonders empfohlen f\u00fcr Kundinnen mit wenig Brauen<\/li>\n<\/ul>\n<h2>Wichtiges zur Behandlung<\/h2>\n<p><strong>Keine Behandlung bei<\/strong><\/p>\n<ul>\n<li>Schwangerschaft, Diabetes, Epilepsie<\/li>\n<li>schweren Erkrankungen<\/li>\n<li>akuten Entz\u00fcndungen und Fieber<\/li>\n<li>Blutgerinnungsst\u00f6rungen<\/li>\n<li>Allergien sowie Haut- und Autoimmunkrankheiten<\/li>\n<li>Alkohol und Drogen konsumiert<\/li>\n<li>Blutverd\u00fcnnende Mittel wie zB Aspirin genommen hat<\/li>\n<li>zum Zeitpunkt der Behandlung keine Periode (ansonsten eventuell schmerzempfindlicher)<\/li>\n<\/ul>\n<p><strong>Behandlungsablauf<\/strong><\/p>\n<ul>\n<li>Umfassendes Orientierungsgespr\u00e4ch.<\/li>\n<li>Beratung zu Form und Farbe gem\u00e4ss \u00abGoldenem Schnitt\u00bb.<\/li>\n<li>Exaktes Vermessen und Vorzeichnen der Brauen<\/li>\n<li>Auswahl der Pigmentierfarben, abgestimmt auf den Hauttyp.<\/li>\n<li>Ausf\u00fchrung der Pigmentierung<\/li>\n<li>\u00dcberpr\u00fcfung und allenfalls Perfektionierung des Ergebnisses.<\/li>\n<li>S\u00e4uberung und Pflege der Brauenpartie<\/li>\n<li>Informationen zur Pflege und Nachbehandung<\/li>\n<li>Nachbehandlung bei einem 2. Termin ca.4 Wochen sp\u00e4ter.<\/li>\n<\/ul>\n<p><strong>Vorteile<\/strong><\/p>\n<ul>\n<li>Feine und nat\u00fcrliche H\u00e4rchenoptik f\u00fcr die Augenbrauen<\/li>\n<li>L\u00e4sst sich individuell an Gesichts- und Hauttyp anpassen<\/li>\n<li>Schnelle Abheilung und kaum Schorfbildung<\/li>\n<\/ul>\n<p><strong>M\u00f6gliche Nebenwirkungen:<\/strong><\/p>\n<ul>\n<li>leichte R\u00f6tungen f\u00fcr die n\u00e4chsten paar Stunden.<\/li>\n<\/ul>\n<\/div><div class=\"fusion-sep-clear\"><\/div><div class=\"fusion-separator fusion-full-width-sep\" style=\"margin-left: auto;margin-right: auto;margin-top:40px;margin-bottom:40px;width:100%;\"><div class=\"fusion-separator-border sep-double sep-solid\" style=\"border-color:#e0dede;border-top-width:1px;border-bottom-width:1px;\"><\/div><\/div><div class=\"fusion-sep-clear\"><\/div><style type=\"text\/css\"><\/style><div class=\"fusion-title title fusion-title-1 fusion-sep-none fusion-title-text fusion-title-size-three\" style=\"font-size:20px;margin-top:0px;margin-right:0px;margin-bottom:31px;margin-left:0px;\"><h3 class=\"title-heading-left\" style=\"margin:0;font-size:1em;\">Preis<\/h3><\/div><div class=\"fusion-text fusion-text-3\"><table style=\"width: 99.8077%;\">\n<tbody>\n<tr style=\"height: 24px;\">\n<td style=\"width: 60%; height: 24px;\"><em>Beschreibung<\/em><\/td>\n<td style=\"width: 11.5946%; height: 24px;\"><em>Zeit<\/em><\/td>\n<td style=\"width: 18.4054%; height: 24px;\" align=\"right\"><em>CHF<\/em><\/td>\n<\/tr>\n<tr style=\"height: 24px;\">\n<td style=\"width: 60%; height: 24px;\">Beratung &amp; Vorzeichnen (f\u00fcr semi Permanent Makeup &amp; Microblading)<\/td>\n<td style=\"width: 11.5946%; height: 24px;\">ca.30 min<\/td>\n<td style=\"width: 18.4054%; height: 24px;\" align=\"right\">50.00<\/td>\n<\/tr>\n<tr style=\"height: 18px;\">\n<td style=\"width: 60%; height: 18px;\">Pudertechnik\u00a0\/ Microblading -refresh\/korrektur( Innerhalb 2 Jahr)<\/td>\n<td style=\"width: 11.5946%; height: 18px;\">ca.120 min<\/td>\n<td style=\"width: 18.4054%; height: 18px;\" align=\"right\">390.00<\/td>\n<\/tr>\n<tr style=\"height: 18px;\">\n<td style=\"width: 60%; height: 18px;\">Lidstrich-refresh\/korrektur (Innerhalb 2 Jahr)<\/td>\n<td style=\"width: 11.5946%; height: 18px;\">ca.90 min<\/td>\n<td style=\"width: 18.4054%; height: 18px;\" align=\"right\">390.oo<\/td>\n<\/tr>\n<tr style=\"height: 18px;\">\n<td style=\"width: 60%; height: 18px;\">Lippen-refresh\/korrektur (Innerhalb 2 Jahr)<\/td>\n<td style=\"width: 11.5946%; height: 18px;\">ca.120 min<\/td>\n<td style=\"width: 18.4054%; height: 18px;\" align=\"right\">390.00<\/td>\n<\/tr>\n<tr style=\"height: 18.7188px;\">\n<td style=\"width: 60%; height: 18.7188px;\">Aufhellung,korrektur,Entfernung von PMU,Microblqding<\/td>\n<td style=\"width: 11.5946%; height: 18.7188px;\">ca.90 min<\/td>\n<td style=\"width: 18.4054%; height: 18.7188px;\" align=\"right\">290.00<\/td>\n<\/tr>\n<tr style=\"height: 24px;\">\n<td style=\"width: 60%; height: 24px;\">Pudertechnik\u00a0\/ Microblading (inkl.Nachbehandlung) (f\u00fcr sie &amp; hin)<\/td>\n<td style=\"width: 11.5946%; height: 24px;\">ca.150 min<\/td>\n<td style=\"width: 18.4054%; height: 24px;\" align=\"right\">790.00<\/td>\n<\/tr>\n<tr style=\"height: 24px;\">\n<td style=\"width: 60%; height: 24px;\">Pudertechnik kombiniert mit Mircoblading (inkl.Nachbehandlung)<\/td>\n<td style=\"width: 11.5946%; height: 24px;\">ca.150 min<\/td>\n<td style=\"width: 18.4054%; height: 24px;\" align=\"right\">890.00<\/td>\n<\/tr>\n<tr style=\"height: 24px;\">\n<td style=\"width: 60%; height: 24px;\">Wimpernkranz\/Lidstrich Oberlid<\/td>\n<td style=\"width: 11.5946%; height: 24px;\">ca.105 min<\/td>\n<td style=\"width: 18.4054%; height: 24px;\" align=\"right\">590.00<\/td>\n<\/tr>\n<tr style=\"height: 25px;\">\n<td style=\"width: 60%; height: 25px;\">Wimpernkranz\/Lidstrich Oberlid &amp; Unterlid<\/td>\n<td style=\"width: 11.5946%; height: 25px;\">ca.150 min<\/td>\n<td style=\"width: 18.4054%; height: 25px;\" align=\"right\">790.00<\/td>\n<\/tr>\n<tr style=\"height: 24px;\">\n<td style=\"width: 60%; height: 24px;\">Lippenkontur mit Schattierung (inkl.Nachbehandlung)<\/td>\n<td style=\"width: 11.5946%; height: 24px;\">ca.120 min<\/td>\n<td style=\"width: 18.4054%; height: 24px;\" align=\"right\">690.00<\/td>\n<\/tr>\n<tr style=\"height: 24px;\">\n<td style=\"width: 60%; height: 24px;\">Lippen-Pudertechnik\/Nat\u00fcrliche Schattierung (inkl.Nachbehandlung)<\/td>\n<td style=\"width: 11.5946%; height: 24px;\">ca.150 min<\/td>\n<td style=\"width: 18.4054%; height: 24px;\" align=\"right\">890.00<\/td>\n<\/tr>\n<tr style=\"height: 24px;\">\n<td style=\"width: 60%; height: 24px;\">Ganze Lippen(Kontur mit Schattierung&amp;Puder)(inkl.Nachbehandlung)<\/td>\n<td style=\"width: 11.5946%; height: 24px;\">ca.180 min<\/td>\n<td style=\"width: 18.4054%; height: 24px;\" align=\"right\">990.00<\/td>\n<\/tr>\n<\/tbody>\n<\/table>\n<\/div><div class=\"fusion-sep-clear\"><\/div><div class=\"fusion-separator fusion-full-width-sep\" style=\"margin-left: auto;margin-right: auto;margin-top:40px;margin-bottom:40px;width:100%;\"><div class=\"fusion-separator-border sep-double sep-solid\" style=\"border-color:#e0dede;border-top-width:1px;border-bottom-width:1px;\"><\/div><\/div><div class=\"fusion-sep-clear\"><\/div><style type=\"text\/css\"><\/style><div class=\"fusion-title title fusion-title-2 fusion-sep-none fusion-title-text fusion-title-size-three\" style=\"font-size:20px;margin-top:0px;margin-right:0px;margin-bottom:31px;margin-left:0px;\"><h3 class=\"title-heading-left\" style=\"margin:0;font-size:1em;\">Buchen<\/h3><\/div><script type='text\/javascript'>\n   \tvar wbk_cstuomer_email_on_from = '';\n<\/script>\n<div class=\"wbk-outer-container wbk_booking_form_container\">\n\t<div class=\"wbk-inner-container\">\n     \t<img src=https:\/\/sustyle.ch\/wp-content\/plugins\/webba-booking-lite\/frontend\/images\/loading.svg style=\"display:block;width:0px;height:0px;\">\n    <img src=https:\/\/sustyle.ch\/wp-content\/plugins\/webba-booking-lite\/frontend\/images\/loading_small.svg style=\"display:block;width:0px;height:0px;\">\n\t\t<div class=\"wbk-frontend-row\" id=\"wbk-service-container\" >\n\t\t\t<div class=\"wbk-col-12-12\" >\n\t\t\t\t <div id=\"wbk_service_list_holder\"><label class=\"wbk-input-label\">W\u00e4hlen Sie einen Service \/ Select a service<\/label><select class=\"wbk-select wbk-input wbk_services\" id=\"wbk-service-id\"><option value=\"0\" selected=\"selected\">ausw\u00e4hlen....<\/option><option value=\"1\"  data-multi-low-limit=\"\" data-multi-limit=\"\" >Beratung & Vorzeichnen (f\u00fcr semi Permanent Makeup & Microblading)<\/option><option value=\"3\"  data-multi-low-limit=\"\" data-multi-limit=\"\" >Pudertechnik \/ Microblading -refresh\/korrektur( Innerhalb 2 Jahr)<\/option><option value=\"4\"  data-multi-low-limit=\"\" data-multi-limit=\"\" >Lidstrich-refresh\/korrektur (Innerhalb 2 Jahr)<\/option><option value=\"5\"  data-multi-low-limit=\"\" data-multi-limit=\"\" >Lippen-refresh\/korrektur (Innerhalb 2 Jahr)<\/option><option value=\"7\"  data-multi-low-limit=\"\" data-multi-limit=\"\" >Pudertechnik \/ Microblading (inkl.Nachbehandlung) (f\u00fcr sie & hin)<\/option><option value=\"8\"  data-multi-low-limit=\"\" data-multi-limit=\"\" >Pudertechnik kombiniert mit Mircoblading (inkl.Nachbehandlung)<\/option><option value=\"9\"  data-multi-low-limit=\"\" data-multi-limit=\"\" >Wimpernkranz\/Lidstrich Oberlid<\/option><option value=\"10\"  data-multi-low-limit=\"\" data-multi-limit=\"\" >Wimpernkranz\/Lidstrich Oberlid & Unterlid<\/option><option value=\"11\"  data-multi-low-limit=\"\" data-multi-limit=\"\" >Lippenkontur mit Schattierung (inkl.Nachbehandlung)<\/option><option value=\"12\"  data-multi-low-limit=\"\" data-multi-limit=\"\" >Lippen-Pudertechnik\/Nat\u00fcrliche Schattierung (inkl.Nachbehandlung)<\/option><option value=\"13\"  data-multi-low-limit=\"\" data-multi-limit=\"\" >Ganze Lippen(Kontur mit Schattierung&Puder)(inkl.Nachbehandlung)<\/option><option value=\"31\"  data-multi-low-limit=\"\" data-multi-limit=\"\" >Aufhellung,korrektur,Entfernung von PMU, Microblqding<\/option><\/select><\/div><input type=\"hidden\" id=\"wbk_current_category\" value=\"2\">\t\t\t<\/div>\n\t\t\t<script type='text\/javascript'>var wbk_get_converted = {\"blank\":\"blank\"};<\/script>\n\t\t<\/div>\n\t\t<div class=\"wbk-frontend-row wbk_date_container\" id=\"wbk-date-container\">\n\t\t<\/div>\n\t\t\t\t\t<div class=\"wbk-frontend-row wbk_time_container\" id=\"wbk-time-container\">\n\t\t\t<\/div>\n\t\t\t\t<div class=\"wbk-frontend-row wbk_slots_container\" id=\"wbk-slots-container\">\n\t\t<\/div>\n\t\t<div class=\"wbk-frontend-row wbk_booking_form_container\" id=\"wbk-booking-form-container\">\n\t\t<\/div>\n\t\t<div class=\"wbk-frontend-row wbk_booking_done\" id=\"wbk-booking-done\">\n\t\t<\/div>\n\t\t<div class=\"wbk-frontend-row wbk_payment\" id=\"wbk-payment\">\n\t\t<\/div>\n\t<\/div>\n<\/div>\n <div class=\"fusion-clearfix\"><\/div><\/div><\/div><div class=\"fusion-layout-column fusion_builder_column fusion-builder-column-2 fusion_builder_column_1_3 1_3 fusion-one-third fusion-column-last\" style=\"width:30.6666%;margin-top:0px;margin-bottom:0px;\"><div class=\"fusion-column-wrapper fusion-flex-column-wrapper-legacy\" style=\"background-position:left top;background-repeat:no-repeat;-webkit-background-size:cover;-moz-background-size:cover;-o-background-size:cover;background-size:cover;padding: 0px 0px 0px 0px;\"><div class=\"fusion-text fusion-text-4\"><h2>Voher \/ Nachher<\/h2>\n<\/div><span class=\" fusion-imageframe imageframe-none imageframe-1 hover-type-none\"><img decoding=\"async\" width=\"1200\" height=\"1629\" title=\"permanent-make-up-eyebrow-2\" src=\"https:\/\/sustyle.ch\/wp-content\/uploads\/2018\/10\/permanent-make-up-eyebrow-2.jpg\" class=\"img-responsive wp-image-1314\" srcset=\"https:\/\/sustyle.ch\/wp-content\/uploads\/2018\/10\/permanent-make-up-eyebrow-2-200x272.jpg 200w, https:\/\/sustyle.ch\/wp-content\/uploads\/2018\/10\/permanent-make-up-eyebrow-2-400x543.jpg 400w, https:\/\/sustyle.ch\/wp-content\/uploads\/2018\/10\/permanent-make-up-eyebrow-2-600x815.jpg 600w, https:\/\/sustyle.ch\/wp-content\/uploads\/2018\/10\/permanent-make-up-eyebrow-2-800x1086.jpg 800w, https:\/\/sustyle.ch\/wp-content\/uploads\/2018\/10\/permanent-make-up-eyebrow-2.jpg 1200w\" sizes=\"(max-width: 800px) 100vw, 400px\" \/><\/span><div class=\"fusion-sep-clear\"><\/div><div class=\"fusion-separator fusion-full-width-sep\" style=\"margin-left: auto;margin-right: auto;margin-bottom:20px;width:100%;\"><\/div><div class=\"fusion-sep-clear\"><\/div><div class=\"fusion-text fusion-text-5\"><h2>Voher \/ Nachher<\/h2>\n<\/div><span class=\" fusion-imageframe imageframe-none imageframe-2 hover-type-none\"><img decoding=\"async\" width=\"922\" height=\"1200\" title=\"permanent-make-up-eyes\" src=\"https:\/\/sustyle.ch\/wp-content\/uploads\/2018\/10\/permanent-make-up-eyes.jpg\" class=\"img-responsive wp-image-1312\" srcset=\"https:\/\/sustyle.ch\/wp-content\/uploads\/2018\/10\/permanent-make-up-eyes-200x260.jpg 200w, https:\/\/sustyle.ch\/wp-content\/uploads\/2018\/10\/permanent-make-up-eyes-400x521.jpg 400w, https:\/\/sustyle.ch\/wp-content\/uploads\/2018\/10\/permanent-make-up-eyes-600x781.jpg 600w, https:\/\/sustyle.ch\/wp-content\/uploads\/2018\/10\/permanent-make-up-eyes-800x1041.jpg 800w, https:\/\/sustyle.ch\/wp-content\/uploads\/2018\/10\/permanent-make-up-eyes.jpg 922w\" sizes=\"(max-width: 800px) 100vw, 400px\" \/><\/span><div class=\"fusion-sep-clear\"><\/div><div class=\"fusion-separator fusion-full-width-sep\" style=\"margin-left: auto;margin-right: auto;margin-bottom:20px;width:100%;\"><\/div><div class=\"fusion-sep-clear\"><\/div><div class=\"fusion-text fusion-text-6\"><h2>Voher \/ Nachher<\/h2>\n<\/div><span class=\" fusion-imageframe imageframe-none imageframe-3 hover-type-none\"><img decoding=\"async\" width=\"922\" height=\"1200\" title=\"permanent-make-up-lips\" src=\"https:\/\/sustyle.ch\/wp-content\/uploads\/2018\/10\/permanent-make-up-lips.jpg\" class=\"img-responsive wp-image-1313\" srcset=\"https:\/\/sustyle.ch\/wp-content\/uploads\/2018\/10\/permanent-make-up-lips-200x260.jpg 200w, https:\/\/sustyle.ch\/wp-content\/uploads\/2018\/10\/permanent-make-up-lips-400x521.jpg 400w, https:\/\/sustyle.ch\/wp-content\/uploads\/2018\/10\/permanent-make-up-lips-600x781.jpg 600w, https:\/\/sustyle.ch\/wp-content\/uploads\/2018\/10\/permanent-make-up-lips-800x1041.jpg 800w, https:\/\/sustyle.ch\/wp-content\/uploads\/2018\/10\/permanent-make-up-lips.jpg 922w\" sizes=\"(max-width: 800px) 100vw, 400px\" \/><\/span><div class=\"fusion-clearfix\"><\/div><\/div><\/div><\/div><\/div>\n","protected":false},"excerpt":{"rendered":"","protected":false},"author":1,"featured_media":0,"parent":0,"menu_order":0,"comment_status":"closed","ping_status":"closed","template":"","meta":{"footnotes":""},"class_list":["post-646","page","type-page","status-publish","hentry"],"_links":{"self":[{"href":"https:\/\/sustyle.ch\/de\/wp-json\/wp\/v2\/pages\/646","targetHints":{"allow":["GET"]}}],"collection":[{"href":"https:\/\/sustyle.ch\/de\/wp-json\/wp\/v2\/pages"}],"about":[{"href":"https:\/\/sustyle.ch\/de\/wp-json\/wp\/v2\/types\/page"}],"author":[{"embeddable":true,"href":"https:\/\/sustyle.ch\/de\/wp-json\/wp\/v2\/users\/1"}],"replies":[{"embeddable":true,"href":"https:\/\/sustyle.ch\/de\/wp-json\/wp\/v2\/comments?post=646"}],"version-history":[{"count":34,"href":"https:\/\/sustyle.ch\/de\/wp-json\/wp\/v2\/pages\/646\/revisions"}],"predecessor-version":[{"id":1515,"href":"https:\/\/sustyle.ch\/de\/wp-json\/wp\/v2\/pages\/646\/revisions\/1515"}],"wp:attachment":[{"href":"https:\/\/sustyle.ch\/de\/wp-json\/wp\/v2\/media?parent=646"}],"curies":[{"name":"wp","href":"https:\/\/api.w.org\/{rel}","templated":true}]}}